{"id":2766,"date":"2025-04-18T14:40:28","date_gmt":"2025-04-18T12:40:28","guid":{"rendered":"https:\/\/www.figurentheaterfestival.de\/?page_id=2766"},"modified":"2025-05-27T12:40:12","modified_gmt":"2025-05-27T10:40:12","slug":"content-notes","status":"publish","type":"page","link":"https:\/\/www.figurentheaterfestival.de\/en\/content-notes\/","title":{"rendered":"Content Notes"},"content":{"rendered":"\n<h1 class=\"wp-block-heading\">Notes on sensitive content and sensory stimuli<\/h1>\n\n\n\n<p>Given the diversity of our audiences, we are aware that certain themes and representations in festival productions may evoke very different reactions depending on individual experiences and dispositions.<\/p>\n\n\n\n<p>To help you make informed decisions in advance, we have decided to provide specific content notes. Themes identified by the festival team and\/or the artists as potentially sensitive include: physical, emotional, or sexualised violence, death, war, discrimination and nudity. Sensory stimuli may include intense lighting effects (e.g. strobe lights), total blacks, loud sounds (e.g. gunshots, sudden noises), stage fog, or similar elements as well as physical contact and interaction.<\/p>\n\n\n\n<p>These notes are intended to give potential visitors the opportunity to decide for themselves whether they wish to engage with these themes and\/or whether a particular performance is suitable for them. Because content notes may reveal aspects of the production, we leave it up to each visitor to choose whether or not to read them. Health-related information that may be relevant is listed directly on the individual event pages.<\/p>\n\n\n\n<p>As there is a wide range of sensitive content, the rating and detail of content notes may vary accordingly. If you have any questions or feedback, please feel free to contact us at <a href=\"mailto:barrierefrei@figuren.theater.festival.de\">barrierefrei@figuren.theater.festival.de<\/a><\/p>\n\n\n\n<pre class=\"wp-block-code\"><code> \n<\/code><\/pre>\n\n\n\n<pre class=\"wp-block-code\"><code>\n<\/code><\/pre>\n\n\n\n<details class=\"wp-block-details is-layout-flow wp-block-details-is-layout-flow\"><summary><strong>Akhe | White Cabin<\/strong><\/summary>\n<p>Stage fog is used in the production.<\/p>\n<\/details>\n\n\n\n<p><\/p>\n\n\n\n<details class=\"wp-block-details is-layout-flow wp-block-details-is-layout-flow\"><summary><strong>Chisato Minamimura | Scored in Silence<\/strong><\/summary>\n<p>This production addresses war, violence, discrimination and marginalisation.<\/p>\n<\/details>\n\n\n\n<p><\/p>\n\n\n\n<details class=\"wp-block-details is-layout-flow wp-block-details-is-layout-flow\"><summary><strong>Compagnie Modo Grosso | Tout | Rien [Alles | Nichts]<\/strong><\/summary>\n<p>This production contains complete darkness.<\/p>\n<\/details>\n\n\n\n<p><\/p>\n\n\n\n<details class=\"wp-block-details is-layout-flow wp-block-details-is-layout-flow\"><summary><strong>Compagnie Mossoux-Bont\u00e9 | Die neuesten Halluzinationen von Lucas Cranach dem \u00c4lteren<\/strong><\/summary>\n<p>The production contains scenes with nudity.<\/p>\n<\/details>\n\n\n\n<p><\/p>\n\n\n\n<details class=\"wp-block-details is-layout-flow wp-block-details-is-layout-flow\"><summary><strong>Christoph Bochdansky | Die Geister, die wir rufen \u2013 rufen zur\u00fcck<\/strong><\/summary>\n<p>Stage fog is used in the production.<\/p>\n<\/details>\n\n\n\n<p><\/p>\n\n\n\n<details class=\"wp-block-details is-layout-flow wp-block-details-is-layout-flow\"><summary><strong>Eva Mario Hasler | Big Show \u2013 A Great Show<\/strong><\/summary>\n<p>Stage fog is used in the production.<\/p>\n<\/details>\n\n\n\n<p><\/p>\n\n\n\n<details class=\"wp-block-details is-layout-flow wp-block-details-is-layout-flow\"><summary><strong>Eva Meyer-Keller | Turn The P\/Age<\/strong><\/summary>\n<p>Strobe effects are used during the performance. The performance explores themes of age discrimination and sexism. The production involves strong scents; at the beginning, a mixture of eucalyptus, mint, and orange is boiled, and disinfectants are used repeatedly. Additionally, there is a short but intense musical segment featuring loud sounds and singing.<\/p>\n<\/details>\n\n\n\n<p><\/p>\n\n\n\n<details class=\"wp-block-details is-layout-flow wp-block-details-is-layout-flow\"><summary><strong>Hessisches Staatstheater Wiesbaden \/ Nikolaus Habjan | Der Barbeier von Sevilla<\/strong><\/summary>\n<p>Stage fog is used in the production.<\/p>\n<\/details>\n\n\n\n<p><\/p>\n\n\n\n<details class=\"wp-block-details is-layout-flow wp-block-details-is-layout-flow\"><summary><strong>Kate McIntosh | Lake Life<\/strong><\/summary>\n<p>Strobe effects are used during the performance. The performance is participative, with light physical contact. The performance includes periods of low light, and occasional loud sounds.<\/p>\n<\/details>\n\n\n\n<p><\/p>\n\n\n\n<details class=\"wp-block-details is-layout-flow wp-block-details-is-layout-flow\"><summary><strong>Loci Kollektiv | Das Haus der Frau L<\/strong><\/summary>\n<p>Physical and psychological violence, murder, genocide and anti-Semitism are addressed but not visualised during the performance.<\/p>\n<\/details>\n\n\n\n<p><\/p>\n\n\n\n<details class=\"wp-block-details is-layout-flow wp-block-details-is-layout-flow\"><summary><strong>Mallika Taneja | Be careful<\/strong><\/summary>\n<p>The production contains scenes with nudity and deals with sexual violence against women.<\/p>\n<\/details>\n\n\n\n<p><\/p>\n\n\n\n<details class=\"wp-block-details is-layout-flow wp-block-details-is-layout-flow\"><summary><strong>Maxim Storms | Nuggets<\/strong><\/summary>\n<p>Strobe effects and stage fog are used during the performance.<\/p>\n<\/details>\n\n\n\n<p><\/p>\n\n\n\n<details class=\"wp-block-details is-layout-flow wp-block-details-is-layout-flow\"><summary><strong>Nadia Beugr\u00e9 | Filles-P\u00e9troles [Brennende M\u00e4dchen]<\/strong><\/summary>\n<p>The performers interact with the audience.<\/p>\n<\/details>\n\n\n\n<p><\/p>\n\n\n\n<details class=\"wp-block-details is-layout-flow wp-block-details-is-layout-flow\"><summary><strong>O-Team | Woanders<\/strong><\/summary>\n<p>Stage fog is used in the production.<\/p>\n<\/details>\n\n\n\n<p><\/p>\n\n\n\n<details class=\"wp-block-details is-layout-flow wp-block-details-is-layout-flow\"><summary><strong>Rabih Mrou\u00e9 | Before Falling Seek the Assistance of Your Cane<\/strong><\/summary>\n<p>War, bombing and flight are addressed and negotiated in the lecture performance. Drawings and photographs of bombs and air raids can be seen.<\/p>\n<\/details>\n\n\n\n<p><\/p>\n\n\n\n<details class=\"wp-block-details is-layout-flow wp-block-details-is-layout-flow\"><summary><strong>Robbert&amp;Frank Frank&amp;Robbert | Wood \u2013 Table Dialogues<\/strong><\/summary>\n<p>Participants will wear VR glasses, move around the space and interact through light touch. There will be a teac ceremony before the performance \u2013 allergy information: black tea, ginger, laphsang suhsong, bamboo soot, licorice, honey, birch juice, birch wood, dried mushrooms, green tea.<\/p>\n\n\n\n<p><\/p>\n\n\n\n<p>&nbsp;<\/p>\n\n\n\n<details class=\"wp-block-details is-layout-flow wp-block-details-is-layout-flow\"><summary><strong>Theater Kuckucksheim | Waldstock<\/strong><\/summary>\n<p>Stage fog, total blacks and loud music are used in the production.<\/p>\n\n\n\n<pre class=\"wp-block-code\"><code> \n<\/code><\/pre>\n\n\n\n<pre class=\"wp-block-code\"><code> \n<\/code><\/pre>\n\n\n\n<pre class=\"wp-block-code\"><code> \n<\/code><\/pre>\n\n\n\n<pre class=\"wp-block-code\"><code> \n<\/code><\/pre>\n\n\n\n<pre class=\"wp-block-code\"><code> \n<\/code><\/pre>\n\n\n\n<pre class=\"wp-block-code\"><code> \n<\/code><\/pre>\n<\/details>\n<\/details>\n\n\n\n<p><\/p>\n\n\n\n<details class=\"wp-block-details is-layout-flow wp-block-details-is-layout-flow\"><summary><strong>Theater Kuckucksheim | Waldstock<\/strong><\/summary>\n<p>Stage fog, total blacks and loud music are used in the production.<\/p>\n<\/details>\n\n\n\n<pre class=\"wp-block-code\"><code> \n<\/code><\/pre>\n\n\n\n<pre class=\"wp-block-code\"><code> \n<\/code><\/pre>\n\n\n\n<pre class=\"wp-block-code\"><code>\n<\/code><\/pre>\n","protected":false},"excerpt":{"rendered":"<p>Notes on sensitive content and sensory stimuli Given the diversity of our audiences, we are aware that certain themes and representations in festival productions may evoke very different reactions depending on individual experiences and dispositions. To help you make informed decisions in advance, we have decided to provide specific content notes. Themes identified by the [&hellip;]<\/p>\n","protected":false},"author":1,"featured_media":0,"parent":0,"menu_order":0,"comment_status":"closed","ping_status":"closed","template":"standardseite_en","meta":{"_editorskit_title_hidden":false,"_editorskit_reading_time":0,"_editorskit_is_block_options_detached":false,"_editorskit_block_options_position":"{}","footnotes":""},"class_list":["post-2766","page","type-page","status-publish","hentry"],"_links":{"self":[{"href":"https:\/\/www.figurentheaterfestival.de\/en\/wp-json\/wp\/v2\/pages\/2766","targetHints":{"allow":["GET"]}}],"collection":[{"href":"https:\/\/www.figurentheaterfestival.de\/en\/wp-json\/wp\/v2\/pages"}],"about":[{"href":"https:\/\/www.figurentheaterfestival.de\/en\/wp-json\/wp\/v2\/types\/page"}],"author":[{"embeddable":true,"href":"https:\/\/www.figurentheaterfestival.de\/en\/wp-json\/wp\/v2\/users\/1"}],"replies":[{"embeddable":true,"href":"https:\/\/www.figurentheaterfestival.de\/en\/wp-json\/wp\/v2\/comments?post=2766"}],"version-history":[{"count":12,"href":"https:\/\/www.figurentheaterfestival.de\/en\/wp-json\/wp\/v2\/pages\/2766\/revisions"}],"predecessor-version":[{"id":3043,"href":"https:\/\/www.figurentheaterfestival.de\/en\/wp-json\/wp\/v2\/pages\/2766\/revisions\/3043"}],"wp:attachment":[{"href":"https:\/\/www.figurentheaterfestival.de\/en\/wp-json\/wp\/v2\/media?parent=2766"}],"curies":[{"name":"wp","href":"https:\/\/api.w.org\/{rel}","templated":true}]}}