{"id":2053,"date":"2023-03-23T18:48:34","date_gmt":"2023-03-23T17:48:34","guid":{"rendered":"https:\/\/www.figurentheaterfestival.de\/service\/anreise\/"},"modified":"2025-04-07T14:13:02","modified_gmt":"2025-04-07T12:13:02","slug":"directions","status":"publish","type":"page","link":"https:\/\/www.figurentheaterfestival.de\/en\/service\/directions\/","title":{"rendered":"Directions"},"content":{"rendered":"\n<h1 class=\"wp-block-heading\">Directions<\/h1>\n\n\n\n<p>All festival venues are easily accessible by public transport. Within Erlangen, the main venues are only a few minutes&#8217; walk from each other. The website provides links to maps as well as public transport to the selected performance to help you plan your visit. Due to the limited parking at most venues and for environmental reasons, we strongly recommend using public transport if possible.<\/p>\n\n\n\n<pre class=\"wp-block-code\"><code> \n<\/code><\/pre>\n\n\n\n<h2 class=\"wp-block-heading\">By train<\/h2>\n\n\n\n<p>All four festival cities are easily accessible with Deutsche Bahn. The ICE Munich &#8211; Berlin stops in N\u00fcrnberg and Erlangen. F\u00fcrth can be reached from N\u00fcrnberg main station in a few minutes by local trains, tram or metro. Schwabach is 10 minutes away by local trains, or 20 minutes by tram.<\/p>\n\n\n\n<button class=\"wp-block-group rund figu_block is-layout-flow wp-block-group-is-layout-flow\" style=\"margin-top:var(--wp--preset--spacing--40);margin-bottom:var(--wp--preset--spacing--40)\">\n<p><a href=\"https:\/\/www.bahn.com\/en\/booking-information\" target=\"_blank\" aria-label=\" (opens in a new tab)\" rel=\"noreferrer noopener\" class=\"ek-link\">Deutsche Bahn<\/a> <\/p>\n<\/button>\n\n\n\n<pre class=\"wp-block-code\"><code> <\/code><\/pre>\n\n\n\n<pre class=\"wp-block-code\"><code><\/code><\/pre>\n\n\n\n<h2 class=\"wp-block-heading\">Local Public Transport<\/h2>\n\n\n\n<p>Most tickets can be used for local public transport, effective from four hours prior to an event until the end of operation hours (including German Railway, second class, supplement-free trains, single round trip) in the entire VGN-Area (linked transport system for the Greater N\u00fcrnberg area). To take advantage of this feature when purchasing online Print@Home tickets, you must indicate the first and last name of each passenger during the ordering process. You will find an online link to the public transport system with a pre-set stop for each performance during the festival.<\/p>\n\n\n\n<button class=\"wp-block-group rund figu_block is-layout-constrained wp-block-group-is-layout-constrained\">\n<p> <a href=\"https:\/\/www.vgn.de\/en\/\" target=\"_blank\" aria-label=\" (opens in a new tab)\" rel=\"noreferrer noopener\" class=\"ek-link\">Verkehrsverbund Gro\u00dfraum N\u00fcrnberg<\/a> <\/p>\n<\/button>\n\n\n\n<button class=\"wp-block-group rund figu_block is-layout-flow wp-block-group-is-layout-flow\">\n<p> <a href=\"https:\/\/www.nuernbergmobil.de\/\" tabindex=\"-1\" target=\"_blank\" rel=\"noreferrer noopener\" class=\"ek-link\">N\u00fcrnbergMOBIL<\/a> <\/p>\n<\/button>\n\n\n\n<pre class=\"wp-block-code\"><code> \n<\/code><\/pre>\n\n\n\n<h2 class=\"wp-block-heading\">By car<\/h2>\n\n\n\n<p>Parking is limited at almost all venues. In Erlangen we strongly recommend the \u2018Gro\u00dfparkplatz\u2019 in the city centre, located between the Frankenschnellweg A 73 and the railway station. From there it is only a ten-minute walk to the festival centre. There are very few parking spaces available at the Tafelhalle and the Theater Salz+Pfeffer in N\u00fcrnberg. We recommend using public transport. In F\u00fcrth, the multi-storey car park at the Kulturforum and the City Center car park (Stadttheater) are conveniently located. The Schwabach City Museum has sufficient parking facilities.<\/p>\n\n\n\n<pre class=\"wp-block-code\"><code> \n<\/code><\/pre>\n\n\n\n<h2 class=\"wp-block-heading\">By plane<\/h2>\n\n\n\n<p>For ecological reasons, we ask you to refrain from short-distance flights. If air travel is unavoidable, N\u00fcrnberg has an international airport which is directly connected to N\u00fcrnberg&#8217;s main railway station via underground line 2.<\/p>\n\n\n\n<pre class=\"wp-block-code\"><code> \n<\/code><\/pre>\n\n\n\n<pre class=\"wp-block-code\"><code> \n<\/code><\/pre>\n\n\n\n<pre class=\"wp-block-code\"><code> \n<\/code><\/pre>\n","protected":false},"excerpt":{"rendered":"<p>Directions All festival venues are easily accessible by public transport. Within Erlangen, the main venues are only a few minutes&#8217; walk from each other. The website provides links to maps as well as public transport to the selected performance to help you plan your visit. Due to the limited parking at most venues and for [&hellip;]<\/p>\n","protected":false},"author":1,"featured_media":0,"parent":2043,"menu_order":1,"comment_status":"closed","ping_status":"closed","template":"standardseite","meta":{"_editorskit_title_hidden":false,"_editorskit_reading_time":0,"_editorskit_is_block_options_detached":false,"_editorskit_block_options_position":"{}","footnotes":""},"class_list":["post-2053","page","type-page","status-publish","hentry"],"_links":{"self":[{"href":"https:\/\/www.figurentheaterfestival.de\/en\/wp-json\/wp\/v2\/pages\/2053","targetHints":{"allow":["GET"]}}],"collection":[{"href":"https:\/\/www.figurentheaterfestival.de\/en\/wp-json\/wp\/v2\/pages"}],"about":[{"href":"https:\/\/www.figurentheaterfestival.de\/en\/wp-json\/wp\/v2\/types\/page"}],"author":[{"embeddable":true,"href":"https:\/\/www.figurentheaterfestival.de\/en\/wp-json\/wp\/v2\/users\/1"}],"replies":[{"embeddable":true,"href":"https:\/\/www.figurentheaterfestival.de\/en\/wp-json\/wp\/v2\/comments?post=2053"}],"version-history":[{"count":5,"href":"https:\/\/www.figurentheaterfestival.de\/en\/wp-json\/wp\/v2\/pages\/2053\/revisions"}],"predecessor-version":[{"id":2623,"href":"https:\/\/www.figurentheaterfestival.de\/en\/wp-json\/wp\/v2\/pages\/2053\/revisions\/2623"}],"up":[{"embeddable":true,"href":"https:\/\/www.figurentheaterfestival.de\/en\/wp-json\/wp\/v2\/pages\/2043"}],"wp:attachment":[{"href":"https:\/\/www.figurentheaterfestival.de\/en\/wp-json\/wp\/v2\/media?parent=2053"}],"curies":[{"name":"wp","href":"https:\/\/api.w.org\/{rel}","templated":true}]}}