{"id":2051,"date":"2023-03-24T10:03:28","date_gmt":"2023-03-24T09:03:28","guid":{"rendered":"https:\/\/www.figurentheaterfestival.de\/impressum\/"},"modified":"2025-05-05T18:52:08","modified_gmt":"2025-05-05T16:52:08","slug":"imprint","status":"publish","type":"page","link":"https:\/\/www.figurentheaterfestival.de\/en\/imprint\/","title":{"rendered":"Legal Notice"},"content":{"rendered":"\n<h1 class=\"wp-block-heading\" style=\"margin-bottom:var(--wp--preset--spacing--70)\">Legal Notice<\/h1>\n\n\n\n<h2 class=\"wp-block-heading\">Stadt Erlangen &#8211; Kulturamt<\/h2>\n\n\n\n<p>Dep. Festivals and Programmes<br>Gebbertstra\u00dfe 1, 91052 Erlangen<br>GERMANY<br>Tel. +49 91 31 \/ 86-14 08<br>E-Mail: <a class=\"ek-link\" href=\"mailto:info@figurentheaterfestival.de\">info@figurentheaterfestival.de<\/a><br><a class=\"ek-link\" href=\"https:\/\/figurentheaterfestival.de\/\">Website \u2013 Festival<\/a><\/p>\n\n\n\n<h2 class=\"wp-block-heading\">Stadt N\u00fcrnberg &#8211; 2. BM \/ GeschB. Kultur<\/h2>\n\n\n\n<p>KunstKulturQuartier<br>K\u00f6nigstra\u00dfe 93, 90402 N\u00fcrnberg<br>GERMANY<br>Tel. +49 9 11 \/ 2 31- 40 00<br>E-Mail: <a class=\"ek-link\" href=\"mailto:kunstkulturquartier@stadt.nuernberg.de\">kunstkulturquartier@stadt.nuernberg.de<\/a><br><a class=\"ek-link\" href=\"http:\/\/www.kunstkulturquartier.de\/\">Website KunstKulturQuartiers<\/a><br><\/p>\n\n\n\n<h2 class=\"wp-block-heading\">Stadt F\u00fcrth &#8211; Kulturamt<\/h2>\n\n\n\n<p>K\u00f6nigsplatz 2, 90762 F\u00fcrth<br>GERMANY<br>Tel. +49 9 11 \/ 9 74-16 88<br>E-Mail: <a class=\"ek-link\" href=\"mailto:kultur@fuerth.de\">kultur@fuerth.de<\/a><br><a class=\"ek-link\" href=\"https:\/\/www.fuerth.de\/Home.aspx\">Website Stadt F\u00fcrth<\/a><\/p>\n\n\n\n<h2 class=\"wp-block-heading\">Stadt Schwabach &#8211; Kulturamt<\/h2>\n\n\n\n<p>K\u00f6nigsplatz 29a, 91126 Schwabach<br>GERMANY<br>Tel. +49 91 22 \/ 8 60-3 05<br>E-Mail: <a class=\"ek-link\" href=\"mailto:kulturamt@schwabach.de\">kulturamt@schwabach.de<\/a><br><a class=\"ek-link\" href=\"https:\/\/www.schwabach.de\/de\/kulturportal\">Website Stadt Schwabach<\/a><\/p>\n\n\n\n<h2 class=\"wp-block-heading\">Website<\/h2>\n\n\n\n<h3 class=\"wp-block-heading\">Stadt Erlangen &#8211; Kulturamt<\/h3>\n\n\n\n<p>Dep. Festivals und Programme<br>Gebbertstra\u00dfe 1, 91052 Erlangen<br>GERMANY<br>Tel. +49 91 31 \/ 86-14 08<br>E-Mail: <a class=\"ek-link\" href=\"mailto:info@figurentheaterfestival.de\">info@figurentheaterfestival.de<\/a><br><a class=\"ek-link\" href=\"https:\/\/figurentheaterfestival.de\/\">Website des Festivals<\/a><\/p>\n\n\n\n<h4 class=\"wp-block-heading\">Editing<\/h4>\n\n\n\n<p>Katja Rausch, Sarah Stumpe<\/p>\n\n\n\n<h4 class=\"wp-block-heading\">Contributions<\/h4>\n\n\n\n<p>Christine Auernheimer, Michael Bader, Bodo Birk, Anja Common, Carolin Forkel, Annika Gloystein, Gerti K\u00f6hn, Sarah Landes, Michael Loskill, Susanne Moor, Katja Rausch, Kristina Schott, Sina Schroeder, Sarah Stumpe<\/p>\n\n\n\n<h4 class=\"wp-block-heading\">Team<\/h4>\n\n\n\n<p style=\"margin-top:0;margin-right:0;margin-bottom:var(--wp--preset--spacing--60);margin-left:0\">Yade Kir, Christina Maier<\/p>\n\n\n\n<h4 class=\"wp-block-heading\">Design<\/h4>\n\n\n\n<p>Studio Plan X, A. Kuhn, N\u00fcrnberg<\/p>\n\n\n\n<h4 class=\"wp-block-heading\">Concept + Implementation<\/h4>\n\n\n\n<p>Projekte \u2013 Konzepte \u2013 Ideen: Rainer Hertwig, netzwerk studio \u2013 Roland Amon<\/p>\n\n\n\n<h4 class=\"wp-block-heading\">Hosting<\/h4>\n\n\n\n<p>Hetzner Online GmbH, Industriestr. 25, 91710 Gunzenhausen<\/p>\n\n\n\n<h4 class=\"wp-block-heading\">Image Rights<\/h4>\n\n\n\n<p>The copyrights for the images used are held by the respective photographers. All rights reserved.<\/p>\n\n\n\n<p><\/p>\n\n\n\n<hr class=\"wp-block-separator has-alpha-channel-opacity is-style-wide\"\/>\n\n\n\n<h4 class=\"wp-block-heading\">In accordance with \u00a7 28 BDSG:<\/h4>\n\n\n\n<p>The Cultural Office of the City of Erlangen objects to any commercial use and disclosure of its data.<\/p>\n\n\n\n<h4 class=\"wp-block-heading\"><strong>Area of responsibility<\/strong><\/h4>\n\n\n\n<p>The legal notice only applies to the website at the address www.figurentheaterfestival.de.<\/p>\n\n\n\n<h4 class=\"wp-block-heading\"><strong>Demarcation \/ Notes on external links<\/strong><\/h4>\n\n\n\n<p>This website is part of the World Wide Web and is therefore linked to external websites that may change at any time and are therefore not subject to this area of responsibility and to which the following information does not apply. Before links were included here, a careful check was made to ensure that they did not violate either morality or the law. In its judgement of 12 May 1998 &#8211; 312 O 85\/98 &#8211; \u2018Liability for links\u2019, the Hamburg Regional Court (LG) ruled that the inclusion of a link may entail co-responsibility for the content of the linked page. According to the LG, this can only be prevented by expressly distancing oneself from these contents. We hereby expressly distance ourselves from all contents of all linked pages on our homepage and do not adopt these contents as our own. This declaration applies to all links included in this project (on this website).<\/p>\n\n\n\n<h4 class=\"wp-block-heading\"><strong>Purpose of this website<\/strong><\/h4>\n\n\n\n<p>The sole purpose of this website is to provide information about the international figuren.theatre.festival Erlangen Nuremberg F\u00fcrth Schwabach.<\/p>\n\n\n\n<h4 class=\"wp-block-heading\"><strong>Copyright protection and utilisation<\/strong><\/h4>\n\n\n\n<p>The contents and programmes of this website are protected by copyright. We reserve all rights to them. Parts of this website may contain images, texts or sounds that are subject to the copyright of third parties. The copyright notices in these cases are noted in the appropriate places. Information on this website, including text, images and sound, may not be reproduced, transferred or distributed without the written permission of the publisher, unless expressly stated otherwise. Modifications to the content of this website are expressly prohibited.<\/p>\n\n\n\n<h4 class=\"wp-block-heading\"><strong>Privacy policy<\/strong><\/h4>\n\n\n\n<p>Personal data is only collected with your knowledge and consent. Upon request, you will receive information about the personal data stored about you free of charge. Please contact: info[at]figurentheaterfestival.de. See also: Data protection<\/p>\n\n\n\n<h4 class=\"wp-block-heading\"><strong>Disclaimer<\/strong><\/h4>\n\n\n\n<p>The information on this website is to be understood as \u2018statements per se\u2019 without implicit guarantees of any kind. The information provided on this website has been carefully checked and is regularly updated. However, no guarantee can be given that all information is complete, correct and up to date at all times. This applies in particular to all links to other websites to which direct or indirect reference is made. All information can be supplemented, removed or changed without prior notice.<br>Furthermore, it is not our responsibility to take precautions against destructive programmes or programme components such as viruses, worms, Trojan horses or similar that are located on web servers that may be accessed via links from our website.<\/p>\n\n\n\n<h4 class=\"wp-block-heading\"><strong>Infringement of property rights<\/strong><\/h4>\n\n\n\n<p>If you suspect that one of your intellectual property rights has been infringed by this website, please inform us immediately by e-mail to info[at]figurentheaterfestival.de so that we can remedy the situation quickly. Please note that the more time-consuming involvement of a lawyer to issue a costly warning to the service provider does not correspond to the service provider&#8217;s actual or presumed will.<\/p>\n\n\n\n<h4 class=\"wp-block-heading\"><strong>Objection to advertising emails<\/strong><\/h4>\n\n\n\n<p>We hereby object to the use of contact data published in the context of the imprint obligation to send unsolicited advertising and information material. The operators of this website expressly reserve the right to take legal action in the event of the unsolicited sending of advertising information, such as spam e-mails.<\/p>\n\n\n\n<p><a href=\"https:\/\/www.figurentheaterfestival.de\/archive\/2021s\/archive\/2019\/wp-content\/uploads\/2015\/03\/Impressum-Facebook.pdf\" target=\"_blank\" rel=\"noreferrer noopener\">Impressum Facebook<\/a><\/p>\n\n\n\n<p><\/p>\n","protected":false},"excerpt":{"rendered":"<p>Legal Notice Stadt Erlangen &#8211; Kulturamt Dep. Festivals and ProgrammesGebbertstra\u00dfe 1, 91052 ErlangenGERMANYTel. +49 91 31 \/ 86-14 08E-Mail: info@figurentheaterfestival.deWebsite \u2013 Festival Stadt N\u00fcrnberg &#8211; 2. BM \/ GeschB. Kultur KunstKulturQuartierK\u00f6nigstra\u00dfe 93, 90402 N\u00fcrnbergGERMANYTel. +49 9 11 \/ 2 31- 40 00E-Mail: kunstkulturquartier@stadt.nuernberg.deWebsite KunstKulturQuartiers Stadt F\u00fcrth &#8211; Kulturamt K\u00f6nigsplatz 2, 90762 F\u00fcrthGERMANYTel. +49 9 11 [&hellip;]<\/p>\n","protected":false},"author":1,"featured_media":0,"parent":0,"menu_order":15,"comment_status":"closed","ping_status":"closed","template":"standardseite","meta":{"_editorskit_title_hidden":false,"_editorskit_reading_time":0,"_editorskit_is_block_options_detached":false,"_editorskit_block_options_position":"{}","footnotes":""},"class_list":["post-2051","page","type-page","status-publish","hentry"],"_links":{"self":[{"href":"https:\/\/www.figurentheaterfestival.de\/en\/wp-json\/wp\/v2\/pages\/2051","targetHints":{"allow":["GET"]}}],"collection":[{"href":"https:\/\/www.figurentheaterfestival.de\/en\/wp-json\/wp\/v2\/pages"}],"about":[{"href":"https:\/\/www.figurentheaterfestival.de\/en\/wp-json\/wp\/v2\/types\/page"}],"author":[{"embeddable":true,"href":"https:\/\/www.figurentheaterfestival.de\/en\/wp-json\/wp\/v2\/users\/1"}],"replies":[{"embeddable":true,"href":"https:\/\/www.figurentheaterfestival.de\/en\/wp-json\/wp\/v2\/comments?post=2051"}],"version-history":[{"count":9,"href":"https:\/\/www.figurentheaterfestival.de\/en\/wp-json\/wp\/v2\/pages\/2051\/revisions"}],"predecessor-version":[{"id":2849,"href":"https:\/\/www.figurentheaterfestival.de\/en\/wp-json\/wp\/v2\/pages\/2051\/revisions\/2849"}],"wp:attachment":[{"href":"https:\/\/www.figurentheaterfestival.de\/en\/wp-json\/wp\/v2\/media?parent=2051"}],"curies":[{"name":"wp","href":"https:\/\/api.w.org\/{rel}","templated":true}]}}