{"id":2050,"date":"2023-03-24T10:17:03","date_gmt":"2023-03-24T09:17:03","guid":{"rendered":"https:\/\/www.figurentheaterfestival.de\/festival\/team\/"},"modified":"2025-04-07T16:44:23","modified_gmt":"2025-04-07T14:44:23","slug":"team","status":"publish","type":"page","link":"https:\/\/www.figurentheaterfestival.de\/en\/festival\/team\/","title":{"rendered":"Team"},"content":{"rendered":"\n<h1 class=\"wp-block-heading\">Team<\/h1>\n\n\n\n<h2 class=\"wp-block-heading\">Organisation<\/h2>\n\n\n\n<h2 class=\"wp-block-heading\">Erlangen<\/h2>\n\n\n\n<p><strong>Organiser<\/strong> Kulturamt der Stadt Erlangen<br><strong>Head<\/strong> Anne Reimann<br><strong>Head Dep. Festivals and Programmes<\/strong> Bodo Birk<br><strong>Programme and Organisation<\/strong> Christine Auernheimer, Bodo Birk, Jana Dupke, Annika Gloystein, Volker Holzmann, Katja Rausch, Kristina Schott, Sina Schroeder, Jonas Sichelstiel, Sarah Stumpe<br><strong>Administration<\/strong> Birgit M\u00f6nius, Heidi Umek<br><strong>Voluntary Cultural Year<\/strong> Yade Kir<br><strong>Team<\/strong> Ian Genocchi, Michael Jordan, Steffen Kilian, Isi Kunath, Zlatina Peeva, Jonas Raake, Patrick Wolfmar<br><strong>Internship<\/strong> Sarah Armbrust, Christina Maier, Jakob Moog<br><strong>Kinderkulturb\u00fcro <\/strong>Sonja Weeger (Head)<br><strong>schauspiel erlangen<\/strong> Director: Jonas Knecht; Operations: Susanne Ziegler (Head); Public Relations: Laura Jacobi (Head); Theatre Box Office: Benjamin Satzenhofer-Filmer (Head), Claudia Br\u00fcderlein, Silvia Kulla, Andrea Liebe; Technical Director: Kristjan Meyer; Stage Manager: Gregor Schlobat, Andreas Storjohann; Technical Staff: J\u00fcrgen Bohnet, Frank Holzh\u00e4user, Ray Labahn, Ernst Tordai, Pascal Wilhelm; Light: Simon Bachtik (Head), Angelika Rogel-Mlcuch, Jan Schuler, Nikolai Witt; Sound and Video: Christoph Panzer (Head), Lionel Aschka, Hans-Christian Fuss, Frank Zeidler; Christine Schilmeier (Trainee Event Technology)<br><strong>Technical Team Festival<\/strong> Adrian Baumeister (Head Experimentiertheater), Diana Dorn, Thomas Krammer, Achim Niekel, Uwe Renken, Martin Stevens, Christian van Loock and others<\/p>\n\n\n\n<h2 class=\"wp-block-heading\">N\u00fcrnberg<\/h2>\n\n\n\n<p><strong>Organiser<\/strong> Stadt N\u00fcrnberg, 2. BM \u2013 GeschB. Kultur, KunstKulturQuartier<br><strong>Head<\/strong> Michael Bader<br><strong>Programme<\/strong> Michael Bader<br><strong>Organisation<\/strong> Lasse Deiters<strong>,<\/strong> Darina Jeva, Viola Krimmling, Esther-Maria Merchel, Ina Patraschko, Patrick Schr\u00f6k, Katrin Wagner<br><strong>PR + Networking <\/strong>Anja Common, Sarah Landes, Stefanie M\u00fcller, Annemarie Schorcht<br><strong>Ticketing<\/strong> Gianna Kamminski<br><strong>Technical Director<\/strong> Anja Maczek<br><strong>Technical Team Tafelhalle<\/strong> Sa\u0161a Batno\u017ei\u0107, Bernd Distler, Claudia Gamper, Miho Kasama, Sean Marcellino, Gunnar Tippmann (Head), Johannes Voltz, Andreas Wagner, Marvin Wiegand<br><strong>Technical Team K\u00fcnstlerhaus<\/strong> Hasan Tufan Kaygulu, Klaus Kurbjuhn, Noah Lentzen, Anders M\u00f6hl, Stephan Munz, Frank Seibet<br><strong>Partner Theater Salz+Pfeffer <\/strong>Artistic Director: Roland Klappstein; Organisation + Management: Tabea Baumer, Nora Wolf; Technical Team: Tabea Baumer, Anton Reger<\/p>\n\n\n\n<h2 class=\"wp-block-heading\">F\u00fcrth<\/h2>\n\n\n\n<p><strong>Organiser<\/strong> Kulturamt der Stadt F\u00fcrth<br><strong>Head <\/strong>Gerti K\u00f6hn<br><strong>Programme<\/strong> Gerti K\u00f6hn, Michael Loskill<br><strong>Team<\/strong> Daniela K\u00f6gel, Jacqueline Roscher, Anna Sankowski, Katharina Weber<br><strong>Team Kulturforum<\/strong> Jens Ravari (Head), Lucie Arndt, Norbert Arndt, Amelie Hessel, Barbara Holzbach, Elke Kraus, Lothar Schrems, Yvonne Swoboda-Brehm<br><strong>Technical Team Festival<\/strong> Martin Ritzmann (Head), Marcus Glei, Lucas Rohleder, Johanna S\u00fcppel, Maya Brandt<br><strong>Stadttheater F\u00fcrth<\/strong> Dr. Silvia Stolz (Director) and Team<\/p>\n\n\n\n<h2 class=\"wp-block-heading\">Schwabach<\/h2>\n\n\n\n<p><strong>Organiser<\/strong> Kulturamt der Stadt Schwabach<br><strong>Head<\/strong> Sandra Hoffmann-Rivero<br><strong>Programme and Organisation<\/strong> Carolin Forkel, Sandra Hoffmann-Rivero, Susanne Mohr<br><strong>Team <\/strong>Daniela Billmeier, Sabine Haas<br><strong>Technical Team Festival<\/strong> Christoph Gerlich, Johannes M\u00fcller, Ralf Salomon, Ute Seelig<\/p>\n\n\n\n<h2 class=\"wp-block-heading\">Website + Trailer<\/h2>\n\n\n\n<p><strong>Graphics and Festival Design by <\/strong>Studio Plan X, A. Kuhn, N\u00fcrnberg<br><strong>Concept + Programming Website<\/strong> Projekte \u2013 Konzepte \u2013 Ideen: Rainer Hertwig, netzwerk-studio \u2013 Roland Amon<br><strong>Editors<\/strong> Katja Rausch, Sarah Stumpe<br><strong>Team<\/strong> Yade Kir, Christina Maier<br><strong>Trailer<\/strong> Imbissfilm<\/p>\n\n\n\n<h2 class=\"wp-block-heading\">Accessibility<\/h2>\n\n\n\n<p><strong>Sign Language Interpretation Erlangen<\/strong> Agnes Kraus, Kirstin \u00d6hme-Mattheis<br><strong>Sign Language Interpretation F\u00fcrth <\/strong>Christiane Schulze<br><strong>Audio Description Erlangen <\/strong>Maila Giesder-Pempelforth, Matthias Huber<br><strong>Audio Description Nuremberg \/ F\u00fcrth<\/strong> EveryBody Access | Susanna Curtis<br><strong>Partner<\/strong> Schwerh\u00f6rigenseelsorge der Evangelisch-Lutherischen Kirche in Bayern, N\u00fcrnberg<\/p>\n\n\n\n<pre class=\"wp-block-code\"><code> <\/code><\/pre>\n\n\n\n<pre class=\"wp-block-code\"><code> <\/code><\/pre>\n\n\n\n<pre class=\"wp-block-code\"><code> <\/code><\/pre>\n","protected":false},"excerpt":{"rendered":"<p>Team Organisation Erlangen Organiser Kulturamt der Stadt ErlangenHead Anne ReimannHead Dep. Festivals and Programmes Bodo BirkProgramme and Organisation Christine Auernheimer, Bodo Birk, Jana Dupke, Annika Gloystein, Volker Holzmann, Katja Rausch, Kristina Schott, Sina Schroeder, Jonas Sichelstiel, Sarah StumpeAdministration Birgit M\u00f6nius, Heidi UmekVoluntary Cultural Year Yade KirTeam Ian Genocchi, Michael Jordan, Steffen Kilian, Isi Kunath, Zlatina [&hellip;]<\/p>\n","protected":false},"author":1,"featured_media":0,"parent":2042,"menu_order":0,"comment_status":"closed","ping_status":"closed","template":"standardseite","meta":{"_editorskit_title_hidden":false,"_editorskit_reading_time":0,"_editorskit_is_block_options_detached":false,"_editorskit_block_options_position":"{}","footnotes":""},"class_list":["post-2050","page","type-page","status-publish","hentry"],"_links":{"self":[{"href":"https:\/\/www.figurentheaterfestival.de\/en\/wp-json\/wp\/v2\/pages\/2050","targetHints":{"allow":["GET"]}}],"collection":[{"href":"https:\/\/www.figurentheaterfestival.de\/en\/wp-json\/wp\/v2\/pages"}],"about":[{"href":"https:\/\/www.figurentheaterfestival.de\/en\/wp-json\/wp\/v2\/types\/page"}],"author":[{"embeddable":true,"href":"https:\/\/www.figurentheaterfestival.de\/en\/wp-json\/wp\/v2\/users\/1"}],"replies":[{"embeddable":true,"href":"https:\/\/www.figurentheaterfestival.de\/en\/wp-json\/wp\/v2\/comments?post=2050"}],"version-history":[{"count":6,"href":"https:\/\/www.figurentheaterfestival.de\/en\/wp-json\/wp\/v2\/pages\/2050\/revisions"}],"predecessor-version":[{"id":2650,"href":"https:\/\/www.figurentheaterfestival.de\/en\/wp-json\/wp\/v2\/pages\/2050\/revisions\/2650"}],"up":[{"embeddable":true,"href":"https:\/\/www.figurentheaterfestival.de\/en\/wp-json\/wp\/v2\/pages\/2042"}],"wp:attachment":[{"href":"https:\/\/www.figurentheaterfestival.de\/en\/wp-json\/wp\/v2\/media?parent=2050"}],"curies":[{"name":"wp","href":"https:\/\/api.w.org\/{rel}","templated":true}]}}