{"id":2046,"date":"2023-03-27T18:35:13","date_gmt":"2023-03-27T16:35:13","guid":{"rendered":"https:\/\/www.figurentheaterfestival.de\/pm-10-3-2023\/"},"modified":"2024-05-07T17:35:13","modified_gmt":"2024-05-07T15:35:13","slug":"pm-10-3-2023","status":"publish","type":"page","link":"https:\/\/www.figurentheaterfestival.de\/en\/press\/pm-10-3-2023\/","title":{"rendered":"PM 5 April 2023"},"content":{"rendered":"\n<h1 class=\"wp-block-heading\"><strong>Press Release<\/strong><\/h1>\n\n\n\n<p>Erlangen, N\u00fcrnberg, F\u00fcrth, Schwabach, 5 April 2023<\/p>\n\n\n\n<p>figuren objekte bilder<br><strong>23. internationales figuren.theater.festival 2023<\/strong><br><strong>Erlangen, N\u00fcrnberg, F\u00fcrth, Schwabach<\/strong><br><strong>12 to 21 May 2023<\/strong><\/p>\n\n\n\n<h2 class=\"wp-block-heading\"><strong>The Programm<\/strong>e<\/h2>\n\n\n\n<p>Advance booking starts: Saturday, 15 April<\/p>\n\n\n\n<p><strong>From 12 to 21 May, the 23rd international figuren.theater.festival will take place in Erlangen, N\u00fcrnberg, F\u00fcrth and Schwabach. As one of the foremost festivals of contemporary puppet, visual and object theatre in Europe, it is also a meeting point for dance, performance art and new media. With around 180 performances and more than 70 companies from 27 different countries, it is one of the biggest theatre festivals held anywhere in Germany. From its origins in classical puppet theatre, the festival has long seen its role as that of encouraging artistic encounters between different genres, as well as bringing together different perspectives and cultural tastes. Featuring unusual formats, public performances and a broad-ranging festival programme, this year\u2019s event will become even more international by dedicating a special series to global perspectives. Over the course of the ten-day festival programme, more than 20,000 visitors are expected to attend the numerous venues across the four host cities.<\/strong><\/p>\n\n\n\n<p>It has been four years since the biennial festival organised jointly by the cities of Erlangen, N\u00fcrnberg, F\u00fcrth and Schwabach was able to take place in its established format. Two years ago \u2013 in the middle of the pandemic \u2013 the event had to be rescheduled repeatedly and was ultimately only permitted to take place in digital format or by implementing regulations preventing contact. However, the expressive possibilities of the internet also brought forth new forms of performing art \u2013 the net became a play partner, a character. Over the course of 2021, most of the announced events could be made up on several weekends, which was important not only for the audience but above all for the artists. The current programme also includes selected digital formats, and the public space plays a greater role than before. The artists will actively involve the city centres and \u2013 especially in Erlangen \u2013 the city districts in the festival events. The monumental cardboard architecture<s>s<\/s> of <strong>Olivier Grosset\u00eate<\/strong>&#8216;s team, created together with the citizens of Erlangen, promises to be spectacular.<\/p>\n\n\n\n<p>This year&#8217;s festival programme is a balanced mix of established and popular festival guests and new discoveries. Aur\u00e9lien Bory&#8217;s French <strong>Compagnie 111<\/strong> will open the festival in Erlangen with &#8220;Questcequetudeviens?&#8221;, a homage to the flamenco dancer St\u00e9phanie Fuster. Also familiar to festival audiences is the <strong>Compagnie Mossoux-Bont\u00e9<\/strong>, whose dance and image theatre will be presented with &#8220;Les Arri\u00e8re-Mondes&#8221; in the Tafelhalle. The live cinema specialists from <strong>Hotel Modern<\/strong> confront Dutch colonial history in &#8220;Our Empire&#8221;, and will open the festival in F\u00fcrth. You can look forward to more familiar names, including Neville Tranter and his <strong>Stuffed Puppet Theatre<\/strong>, which will be performing in Schwabach for the first time, the <strong>Puppentheater Halle<\/strong>, the <strong>Figurentheater Wilde &amp; Vogel<\/strong>, the <strong>Theater Waidspeicher<\/strong>, the performance group <strong>Berlin<\/strong> from Belgium and the theatre anarchists from <strong>half past selber schuld<\/strong>. The excessive stage show &#8220;Ginkgo&#8221; by <strong>Nicole Beutler Projects<\/strong> from the Netherlands at the Markgrafentheater in Erlangen, &#8220;Farm Fatale&#8221; by the French star director <strong>Philippe Quesne<\/strong>, the dance productions by <strong>Cristiana Casadio<\/strong> and <strong>Petrikor Danse<\/strong> by Bettina Szabo at the Tafelhalle or the <strong>Theater Chemnitz<\/strong> at the Kulturforum F\u00fcrth, offering a stage for women from Vietnam to tell of their lives and experiences as contract workers in Germany \u2013 all of these promise to be festival highlights.<\/p>\n\n\n\n<p>You can expect experimental performances from <strong>Studio Julian Hetzel + Ntando Cele<\/strong>, presenting their latest work &#8220;SPAfrica&#8221;, the <strong>O-Team<\/strong>, <strong>Robbert &amp; Frank<\/strong> and Swiss choreographer <strong>Anna Anderegg<\/strong>. <strong>Nico and the Navigators<\/strong> will put augmented reality glasses on the audience in &#8220;Du sollst Dein Leben rendern!&#8221; at the E-Werk in Erlangen and <strong>Nathan Ellis<\/strong> with &#8220;work.txt&#8221; will ask the audience at the Kulturforum F\u00fcrth to participate. With 17 companies showing 19 different productions for young audiences, children&#8217;s and youth theatre is again widely represented this year. Most of these productions forgo the use of language. At the close of the festival,the venerable <strong>Berliner Ensemble<\/strong> with Suse W\u00e4chter, arguably Germany&#8217;s most well-known puppeteer, will bring &#8220;Brechts Gespenster&#8221; to life in the Markgrafentheater.<\/p>\n\n\n\n<p>Currently, postcolonialism and decolonisation are important topics in art and culture. We must recognise that the colonial past and the resulting self-image influence our thoughts and actions to this day. Recognising this fact and adopting new perspectives opens up the chance for us to gain a more informed and accurate view of the world. Artists from Afghanistan, India, Iran, Syria, Kenya, the Democratic Republic of Congo, South Africa, El Salvador, Mexico, Cuba and Uruguay will expand our cultural horizons in this year&#8217;s programme series &#8220;<strong>#GlobalePerspektiven<\/strong>&#8220;. Not all of them will travel from their home countries; some already reside in Europe, either voluntarily or involuntarily. The theatre machinists of <strong>Akhe<\/strong> from St Petersburg were forced to leave their Russian homeland and are now preparing their first production in exile for Erlangen.<\/p>\n\n\n\n<p>In December 2021, the N\u00fcrnberg puppeteer, puppet builder, stage designer and visual artist <strong>Joachim Torbahn<\/strong> passed away. Together with Tristan Vogt as Thalias Kompagnions, he shaped the puppet theatre scene in Germany and internationally. The city of N\u00fcrnberg is paying tribute to his work in a large exhibition at the K\u00fcnstlerhaus entitled &#8220;Hin und weg&#8221;. In Erlangen, the artist duo <strong>B\u00f6hler &amp; Orendt<\/strong> let extinct species have their say in the spectacular installation &#8220;The Carrion Cheer, a Faunistic Tragedy&#8221;. The German-American photographer <strong>Francesca Hummler<\/strong>&#8216;s Ethiopian adopted sister interacts with a family heirloom in &#8220;Unsere Puppenstube,&#8221; and at kultur.lokal.f\u00fcrth <strong>Yvonne Dicketm\u00fcller<\/strong> presents 3D-printed costumes, hand-woven loudspeakers and e-textiles embroidery. At the <strong>Junges Forum<\/strong> in Erlangen, students from theatre programmes are offered the opportunity to present their own work and rigorously engage with contemporary puppet theatre. The <strong>accompanying programme<\/strong> also includes discussion rounds, workshops and films.<\/p>\n\n\n\n<p><strong>Advance ticket sales start on Saturday, 15 April<\/strong>, at www.figurentheaterfestival.de, advance booking offices in the Erlangen, N\u00fcrnberg, F\u00fcrth and Schwabach metropolitan area and all Reservix advance booking offices throughout Germany. A <strong>programme folder<\/strong> with the most important dates is available at advance booking offices and cultural institutions in the region and can be downloaded from the website.<\/p>\n\n\n\n<p>The <strong>detailed festival catalogue<\/strong> is available free of charge at advance booking offices in the region as of 5 April as well as at the daytime and evening box offices during the festival. The purchase of a <strong>festival pass<\/strong> for \u20ac10.00 entitles you to a 20% discount on the ticket price for almost every event.<\/p>\n\n\n\n<p><strong>We would be pleased to inform you personally about the programme at a press conference on Thursday, 4 May 2023, at 11:00 a.m. at the K\u00fcnstlerhaus N\u00fcrnberg. You will also have the opportunity to preview the exhibition &#8220;Hin und weg. Puppen und Maltheater von Joachim Torbahn&#8221;.<\/strong><\/p>\n\n\n\n<p>The downloadable press release in PDF format includes an overview of all participating companies along with the corresponding dates and times.<\/p>\n\n\n\n<p><strong>Stadt Erlangen \u2013 Kulturamt<\/strong><br>Abteilung Festivals und Programme<br>Gebbertstr. 1, 91052 Erlangen<br>Tel. +49 (0)9131 86-1408<br><a href=\"mailto:info@figurentheaterfestival.de\" class=\"ek-link\">info@figurentheaterfestival.de<\/a><\/p>\n\n\n\n<p><strong>Stadt N\u00fcrnberg, 2. BM \u2013 GeschB. Kultur<\/strong><br>KunstKulturQuartier<br>K\u00f6nigstr. 93, 90402 N\u00fcrnberg<br>Tel. +49 (0)911 231-4000<br><a href=\"mailto:kunstkulturquartier@stadt.nuernberg.de\" class=\"ek-link\">kunstkulturquartier@stadt.nuernberg.de<\/a><\/p>\n\n\n\n<p><strong>Stadt F\u00fcrth \u2013 Kulturamt<\/strong><br>K\u00f6nigsplatz 2, 90762 F\u00fcrth<br>Tel. +49 (0)911 974-1688<br><a href=\"mailto:kultur@fuerth.de\" class=\"ek-link\">kultur@fuerth.de<\/a><\/p>\n\n\n\n<p><strong>Stadt Schwabach \u2013 Kulturamt<\/strong><br>K\u00f6nigsplatz 29a, 91126 Schwabach<br>Tel. +49 (0)9122 860-305<br><a href=\"mailto:kulturamt@schwabach.de\" class=\"ek-link\">kulturamt@schwabach.de<\/a><\/p>\n","protected":false},"excerpt":{"rendered":"<p>Press Release Erlangen, N\u00fcrnberg, F\u00fcrth, Schwabach, 5 April 2023 figuren objekte bilder23. internationales figuren.theater.festival 2023Erlangen, N\u00fcrnberg, F\u00fcrth, Schwabach12 to 21 May 2023 The Programme Advance booking starts: Saturday, 15 April From 12 to 21 May, the 23rd international figuren.theater.festival will take place in Erlangen, N\u00fcrnberg, F\u00fcrth and Schwabach. As one of the foremost festivals of [&hellip;]<\/p>\n","protected":false},"author":1,"featured_media":0,"parent":2047,"menu_order":0,"comment_status":"closed","ping_status":"closed","template":"standardseite","meta":{"_editorskit_title_hidden":false,"_editorskit_reading_time":0,"_editorskit_is_block_options_detached":false,"_editorskit_block_options_position":"{}","footnotes":""},"class_list":["post-2046","page","type-page","status-publish","hentry"],"_links":{"self":[{"href":"https:\/\/www.figurentheaterfestival.de\/en\/wp-json\/wp\/v2\/pages\/2046","targetHints":{"allow":["GET"]}}],"collection":[{"href":"https:\/\/www.figurentheaterfestival.de\/en\/wp-json\/wp\/v2\/pages"}],"about":[{"href":"https:\/\/www.figurentheaterfestival.de\/en\/wp-json\/wp\/v2\/types\/page"}],"author":[{"embeddable":true,"href":"https:\/\/www.figurentheaterfestival.de\/en\/wp-json\/wp\/v2\/users\/1"}],"replies":[{"embeddable":true,"href":"https:\/\/www.figurentheaterfestival.de\/en\/wp-json\/wp\/v2\/comments?post=2046"}],"version-history":[{"count":1,"href":"https:\/\/www.figurentheaterfestival.de\/en\/wp-json\/wp\/v2\/pages\/2046\/revisions"}],"predecessor-version":[{"id":2091,"href":"https:\/\/www.figurentheaterfestival.de\/en\/wp-json\/wp\/v2\/pages\/2046\/revisions\/2091"}],"up":[{"embeddable":true,"href":"https:\/\/www.figurentheaterfestival.de\/en\/wp-json\/wp\/v2\/pages\/2047"}],"wp:attachment":[{"href":"https:\/\/www.figurentheaterfestival.de\/en\/wp-json\/wp\/v2\/media?parent=2046"}],"curies":[{"name":"wp","href":"https:\/\/api.w.org\/{rel}","templated":true}]}}