{"id":2045,"date":"2023-03-28T14:59:01","date_gmt":"2023-03-28T12:59:01","guid":{"rendered":"https:\/\/www.figurentheaterfestival.de\/leichte-sprache\/"},"modified":"2025-04-07T13:38:04","modified_gmt":"2025-04-07T11:38:04","slug":"leichte-sprache","status":"publish","type":"page","link":"https:\/\/www.figurentheaterfestival.de\/en\/leichte-sprache\/","title":{"rendered":"Leichte Sprache"},"content":{"rendered":"\n<h1 class=\"wp-block-heading\" style=\"margin-top:var(--wp--preset--spacing--30);margin-bottom:var(--wp--preset--spacing--50)\">Leichte Sprache<\/h1>\n\n\n\n<p>Alle 2 Jahre findet das Internationale Figuren-Theater-Festival statt.<br>International bedeutet: Es machen Theater-Gruppen aus der ganzen Welt mit.<\/p>\n\n\n\n<p>Ein Festival ist ein gro\u00dfes Fest.<br>Mit vielen Veranstaltungen.<br>Es dauert meistens mehrere Tage.<\/p>\n\n\n\n<p>Das Internationale Figuren-Theater-Festival dauert 10 Tage.<br>Es findet in Erlangen, N\u00fcrnberg, F\u00fcrth und Schwabach statt.<\/p>\n\n\n\n<p>Die Theater-Gruppen kommen aus vielen verschiedenen L\u00e4ndern.<br>Sie zeigen Theater-St\u00fccke mit Figuren.<\/p>\n\n\n\n<p>Die Figuren sind zum Beispiel Puppen, Sachen oder Masken.<br>Der K\u00f6rper von einem Schau-Spieler kann auch eine Figur in einem Theater-St\u00fcck sein.<br>Manche Gruppen machen auch Figuren aus Licht.<br>Oder benutzen Video-Filme.<\/p>\n\n\n\n<p>Beim Figuren-Theater wird oft nur wenig gesprochen.<br>Bei vielen Theater-St\u00fccken wird auch gar nicht gesprochen.<br>Deshalb kann man die Geschichten oft leichter verstehen als beim normalen Theater.<br>Auch ohne Sprache.<\/p>\n\n\n\n<p>Unter Programm finden Sie Informationen zu den Theater-St\u00fccken.<br>Klicken Sie einfach im Zeit-Plan auf das St\u00fcck.<br>Unter &#8216;Einfach Gesagt&#8217;  finden Sie die Beschreibung in einfacher Sprache.<br><br>Zudem suchen wir Theater-St\u00fccke ohne Sprache f\u00fcr Sie aus.<br>Die Geschichten kann jeder gut verstehen.<br>Hier werden Sie bald eine Liste der St\u00fccke finden.<\/p>\n\n\n\n<p>Eintritts-Karten gibt es ab 26. April auf unserer Internet-Seite.<br>Klicken Sie einfach auf \u201aTickets\u2018 bei den Veranstaltungen.<\/p>\n\n\n\n<p>Eintritts-Karten kann man auch an Vorverkaufs-Stellen kaufen.<br>Es gibt sie in Erlangen, N\u00fcrnberg, F\u00fcrth und Schwabach.<br>Und auch in vielen anderen St\u00e4dten in Deutschland.<\/p>\n\n\n\n<p>Wenn Sie Fragen haben, k\u00f6nnen Sie uns anrufen.<br>Unsere Telefon-Nummer ist 0 91 31 \/ 86 14 14<\/p>\n\n\n\n<p>Wir freuen uns sehr, wenn Sie das Festival besuchen!<\/p>\n","protected":false},"excerpt":{"rendered":"<p>Leichte Sprache Alle 2 Jahre findet das Internationale Figuren-Theater-Festival statt.International bedeutet: Es machen Theater-Gruppen aus der ganzen Welt mit. Ein Festival ist ein gro\u00dfes Fest.Mit vielen Veranstaltungen.Es dauert meistens mehrere Tage. Das Internationale Figuren-Theater-Festival dauert 10 Tage.Es findet in Erlangen, N\u00fcrnberg, F\u00fcrth und Schwabach statt. Die Theater-Gruppen kommen aus vielen verschiedenen L\u00e4ndern.Sie zeigen Theater-St\u00fccke mit [&hellip;]<\/p>\n","protected":false},"author":1,"featured_media":0,"parent":0,"menu_order":6,"comment_status":"closed","ping_status":"closed","template":"standardseite","meta":{"_editorskit_title_hidden":false,"_editorskit_reading_time":0,"_editorskit_is_block_options_detached":false,"_editorskit_block_options_position":"{}","footnotes":""},"class_list":["post-2045","page","type-page","status-publish","hentry"],"_links":{"self":[{"href":"https:\/\/www.figurentheaterfestival.de\/en\/wp-json\/wp\/v2\/pages\/2045","targetHints":{"allow":["GET"]}}],"collection":[{"href":"https:\/\/www.figurentheaterfestival.de\/en\/wp-json\/wp\/v2\/pages"}],"about":[{"href":"https:\/\/www.figurentheaterfestival.de\/en\/wp-json\/wp\/v2\/types\/page"}],"author":[{"embeddable":true,"href":"https:\/\/www.figurentheaterfestival.de\/en\/wp-json\/wp\/v2\/users\/1"}],"replies":[{"embeddable":true,"href":"https:\/\/www.figurentheaterfestival.de\/en\/wp-json\/wp\/v2\/comments?post=2045"}],"version-history":[{"count":4,"href":"https:\/\/www.figurentheaterfestival.de\/en\/wp-json\/wp\/v2\/pages\/2045\/revisions"}],"predecessor-version":[{"id":2482,"href":"https:\/\/www.figurentheaterfestival.de\/en\/wp-json\/wp\/v2\/pages\/2045\/revisions\/2482"}],"wp:attachment":[{"href":"https:\/\/www.figurentheaterfestival.de\/en\/wp-json\/wp\/v2\/media?parent=2045"}],"curies":[{"name":"wp","href":"https:\/\/api.w.org\/{rel}","templated":true}]}}