{"id":2035,"date":"2023-04-03T15:26:20","date_gmt":"2023-04-03T13:26:20","guid":{"rendered":"https:\/\/www.figurentheaterfestival.de\/kontakt\/"},"modified":"2025-04-08T11:54:12","modified_gmt":"2025-04-08T09:54:12","slug":"contact","status":"publish","type":"page","link":"https:\/\/www.figurentheaterfestival.de\/en\/contact\/","title":{"rendered":"Contact"},"content":{"rendered":"\n<h1 class=\"wp-block-heading\">Contact<\/h1>\n\n\n\n<h2 class=\"wp-block-heading\">City of Erlangen &#8211; Cultural Office<\/h2>\n\n\n\n<p>Dep. Festivals and Programmes<br>Gebbertstra\u00dfe 1, 91052 Erlangen<br>GERMANY<br>Phone: +49 91 31 \/ 86 -14 08<br>E-Mail: <a href=\"mailto:info@figurentheaterfestival.de\" class=\"ek-link\">info@figurentheaterfestival.de<\/a><br><\/p>\n\n\n\n<h2 class=\"wp-block-heading\">City of N\u00fcrnberg &#8211; 2. BM \/ GeschB. Kultur<\/h2>\n\n\n\n<p>KunstKulturQuartier<br>K\u00f6nigstra\u00dfe 93, 90402 N\u00fcrnberg<br>GERMANY<br>Phone: +49 9 11 \/ 2 31 &#8211; 2 78 15<br>E-Mail: <a class=\"ek-link\" href=\"mailto:kunstkulturquartier@stadt.nuernberg.de\">kunstkulturquartier@stadt.nuernberg.de<\/a><br><a aria-label=\" (opens in a new tab)\" class=\"ek-link\" href=\"http:\/\/www.kunstkulturquartier.de\/\" target=\"_blank\" rel=\"noreferrer noopener\">Website des KunstKulturQuartiers<\/a><br><a class=\"ek-link\" href=\"http:\/\/www.kunstkulturquartier.de\/\" target=\"_blank\" rel=\"noreferrer noopener\"><\/a><\/p>\n\n\n\n<h2 class=\"wp-block-heading\">City of F\u00fcrth &#8211; Cultural Office<\/h2>\n\n\n\n<p>Friedrichstra\u00dfe 4 \u2013 6, 90762 F\u00fcrth<br>GERMANY<br>Phone: +49 9 11 \/ 9 74 &#8211; 16 88<br>E-Mail: <a class=\"ek-link\" href=\"mailto:kultur@fuerth.de\">kultur@fuerth.de<\/a><br><a aria-label=\" (opens in a new tab)\" class=\"ek-link\" href=\"http:\/\/www.fuerth.de\/\" target=\"_blank\" rel=\"noreferrer noopener\">Website der Stadt F\u00fcrth<\/a><\/p>\n\n\n\n<h2 class=\"wp-block-heading\">City of  Schwabach &#8211; Cultural Office<\/h2>\n\n\n\n<p>K\u00f6nigsplatz 29a, 91126 Schwabach<br>GERMANY<br>Phone: +49 91 22 \/ 8 60 &#8211; 3 05<br>E-Mail: <a href=\"mailto:kulturamt@schwabach.de\" class=\"ek-link\">kulturamt@schwabach.de<\/a><br><a href=\"https:\/\/www.schwabach.de\/de\/kulturportal\" target=\"_blank\" aria-label=\" (opens in a new tab)\" rel=\"noreferrer noopener\" class=\"ek-link\">Website der Stadt Schwabach<\/a><br><a href=\"http:\/\/www.schwabach.de\/kulturportal\" target=\"_blank\" rel=\"noreferrer noopener\" class=\"ek-link\"><\/a><\/p>\n","protected":false},"excerpt":{"rendered":"<p>Contact City of Erlangen &#8211; Cultural Office Dep. Festivals and ProgrammesGebbertstra\u00dfe 1, 91052 ErlangenGERMANYPhone: +49 91 31 \/ 86 -14 08E-Mail: info@figurentheaterfestival.de City of N\u00fcrnberg &#8211; 2. BM \/ GeschB. Kultur KunstKulturQuartierK\u00f6nigstra\u00dfe 93, 90402 N\u00fcrnbergGERMANYPhone: +49 9 11 \/ 2 31 &#8211; 2 78 15E-Mail: kunstkulturquartier@stadt.nuernberg.deWebsite des KunstKulturQuartiers City of F\u00fcrth &#8211; Cultural Office Friedrichstra\u00dfe [&hellip;]<\/p>\n","protected":false},"author":1,"featured_media":0,"parent":0,"menu_order":10,"comment_status":"closed","ping_status":"closed","template":"standardseite","meta":{"_editorskit_title_hidden":false,"_editorskit_reading_time":0,"_editorskit_is_block_options_detached":false,"_editorskit_block_options_position":"{}","footnotes":""},"class_list":["post-2035","page","type-page","status-publish","hentry"],"_links":{"self":[{"href":"https:\/\/www.figurentheaterfestival.de\/en\/wp-json\/wp\/v2\/pages\/2035","targetHints":{"allow":["GET"]}}],"collection":[{"href":"https:\/\/www.figurentheaterfestival.de\/en\/wp-json\/wp\/v2\/pages"}],"about":[{"href":"https:\/\/www.figurentheaterfestival.de\/en\/wp-json\/wp\/v2\/types\/page"}],"author":[{"embeddable":true,"href":"https:\/\/www.figurentheaterfestival.de\/en\/wp-json\/wp\/v2\/users\/1"}],"replies":[{"embeddable":true,"href":"https:\/\/www.figurentheaterfestival.de\/en\/wp-json\/wp\/v2\/comments?post=2035"}],"version-history":[{"count":4,"href":"https:\/\/www.figurentheaterfestival.de\/en\/wp-json\/wp\/v2\/pages\/2035\/revisions"}],"predecessor-version":[{"id":2666,"href":"https:\/\/www.figurentheaterfestival.de\/en\/wp-json\/wp\/v2\/pages\/2035\/revisions\/2666"}],"wp:attachment":[{"href":"https:\/\/www.figurentheaterfestival.de\/en\/wp-json\/wp\/v2\/media?parent=2035"}],"curies":[{"name":"wp","href":"https:\/\/api.w.org\/{rel}","templated":true}]}}