{"id":2034,"date":"2023-04-03T16:23:13","date_gmt":"2023-04-03T14:23:13","guid":{"rendered":"https:\/\/www.figurentheaterfestival.de\/partner\/"},"modified":"2025-11-19T11:12:05","modified_gmt":"2025-11-19T10:12:05","slug":"partners","status":"publish","type":"page","link":"https:\/\/www.figurentheaterfestival.de\/en\/partners\/","title":{"rendered":"Partners"},"content":{"rendered":"\n<h1 class=\"wp-block-heading\">Partners<\/h1>\n\n\n\n<figure class=\"wp-block-image aligncenter size-large\"><img loading=\"lazy\" decoding=\"async\" width=\"1015\" height=\"1024\" src=\"https:\/\/www.figurentheaterfestival.de\/wp-content\/uploads\/2025\/06\/Logos_Partner_2025_neuneu_01-1015x1024.jpg\" alt=\"\" class=\"wp-image-3381\" srcset=\"https:\/\/www.figurentheaterfestival.de\/wp-content\/uploads\/2025\/06\/Logos_Partner_2025_neuneu_01-1015x1024.jpg 1015w, https:\/\/www.figurentheaterfestival.de\/wp-content\/uploads\/2025\/06\/Logos_Partner_2025_neuneu_01-297x300.jpg 297w, https:\/\/www.figurentheaterfestival.de\/wp-content\/uploads\/2025\/06\/Logos_Partner_2025_neuneu_01-150x150.jpg 150w, https:\/\/www.figurentheaterfestival.de\/wp-content\/uploads\/2025\/06\/Logos_Partner_2025_neuneu_01-768x775.jpg 768w, https:\/\/www.figurentheaterfestival.de\/wp-content\/uploads\/2025\/06\/Logos_Partner_2025_neuneu_01-1522x1536.jpg 1522w, https:\/\/www.figurentheaterfestival.de\/wp-content\/uploads\/2025\/06\/Logos_Partner_2025_neuneu_01-2029x2048.jpg 2029w\" sizes=\"auto, (max-width: 1015px) 100vw, 1015px\" \/><\/figure>\n\n\n\n<h3 class=\"wp-block-heading\"><strong>The organisers would like to thank their sponsors and partners:<\/strong><\/h3>\n\n\n\n<p>Siemens AG, Bezirk Mittelfranken, Bayerischer Landesverband f\u00fcr zeitgen\u00f6ssischen Tanz, Wallonie-Bruxelles International, Fl\u00e4mische Gemeinschaft, NPN \u2013 Nationales Performance Netz, NPN-Gastspielf\u00f6rderung Theater, Pro Helvetia, N\u00fcrnberg Inklusiv, Imbissfilm, Norma Lebensmittelfilialbetrieb Stiftung &amp; Co. KG, iba AG, Theater Salz+Pfeffer, Stadttheater F\u00fcrth, dFi deutsch-franz\u00f6sisches Institut Erlangen e. V., schauspiel erlangen, K\u00fcnstlerhaus mit Tafelhalle im KunstKulturQuartier, Institut f\u00fcr Theater- und Medienwissenschaft der FAU Erlangen-N\u00fcrnberg, Stadtmuseum Erlangen, Stadtarchiv Erlangen, Amt f\u00fcr Stadtteilarbeit Erlangen, ZAM \u2013 Zentrum f\u00fcr Austausch und Machen Erlangen, Schwerh\u00f6rigenseelsorge der Evangelisch-Lutherischen Kirche in Bayern und weitere.<\/p>\n\n\n\n<p>The festival is kindly supported by Arbeitsgemeinschaft Kultur im Gro\u00dfraum and the Bayerischen Staatsministerium f\u00fcr Wissenschaft und Kunst aus Mitteln des Kulturfonds Bayern.<br><br>The organisers would also like to thank their media partners double and Theater der Zeit.<\/p>\n\n\n\n<p><\/p>\n","protected":false},"excerpt":{"rendered":"<p>Partners The organisers would like to thank their sponsors and partners: Siemens AG, Bezirk Mittelfranken, Bayerischer Landesverband f\u00fcr zeitgen\u00f6ssischen Tanz, Wallonie-Bruxelles International, Fl\u00e4mische Gemeinschaft, NPN \u2013 Nationales Performance Netz, NPN-Gastspielf\u00f6rderung Theater, Pro Helvetia, N\u00fcrnberg Inklusiv, Imbissfilm, Norma Lebensmittelfilialbetrieb Stiftung &amp; Co. KG, iba AG, Theater Salz+Pfeffer, Stadttheater F\u00fcrth, dFi deutsch-franz\u00f6sisches Institut Erlangen e. V., schauspiel [&hellip;]<\/p>\n","protected":false},"author":1,"featured_media":0,"parent":0,"menu_order":8,"comment_status":"closed","ping_status":"closed","template":"standardseite","meta":{"_editorskit_title_hidden":false,"_editorskit_reading_time":0,"_editorskit_is_block_options_detached":false,"_editorskit_block_options_position":"{}","footnotes":""},"class_list":["post-2034","page","type-page","status-publish","hentry"],"_links":{"self":[{"href":"https:\/\/www.figurentheaterfestival.de\/en\/wp-json\/wp\/v2\/pages\/2034","targetHints":{"allow":["GET"]}}],"collection":[{"href":"https:\/\/www.figurentheaterfestival.de\/en\/wp-json\/wp\/v2\/pages"}],"about":[{"href":"https:\/\/www.figurentheaterfestival.de\/en\/wp-json\/wp\/v2\/types\/page"}],"author":[{"embeddable":true,"href":"https:\/\/www.figurentheaterfestival.de\/en\/wp-json\/wp\/v2\/users\/1"}],"replies":[{"embeddable":true,"href":"https:\/\/www.figurentheaterfestival.de\/en\/wp-json\/wp\/v2\/comments?post=2034"}],"version-history":[{"count":7,"href":"https:\/\/www.figurentheaterfestival.de\/en\/wp-json\/wp\/v2\/pages\/2034\/revisions"}],"predecessor-version":[{"id":3387,"href":"https:\/\/www.figurentheaterfestival.de\/en\/wp-json\/wp\/v2\/pages\/2034\/revisions\/3387"}],"wp:attachment":[{"href":"https:\/\/www.figurentheaterfestival.de\/en\/wp-json\/wp\/v2\/media?parent=2034"}],"curies":[{"name":"wp","href":"https:\/\/api.w.org\/{rel}","templated":true}]}}