{"id":2031,"date":"2023-05-05T18:40:44","date_gmt":"2023-05-05T16:40:44","guid":{"rendered":"https:\/\/www.figurentheaterfestival.de\/junges-forum\/"},"modified":"2025-05-29T11:03:43","modified_gmt":"2025-05-29T09:03:43","slug":"junges-forum","status":"publish","type":"page","link":"https:\/\/www.figurentheaterfestival.de\/en\/festival\/junges-forum\/","title":{"rendered":"Young Forum"},"content":{"rendered":"\n<h1 class=\"wp-block-heading\">Young Forum<\/h1>\n\n\n\n<p>The Young Forum is a platform that fosters exchange between students and graduates of theatre academies and the public. Its goal is to create spaces for dialogue and to bring student work to a broader audience. It functions as a creative workshop where artistic approaches are explored and the development process takes centre stage. Through discussions and workshops, the Young Forum also offers new perspectives and insights into the working methods and practices of contemporary puppetry. All Young Forum events are open to the public unless otherwise indicated. With the introduction of the \u201cBase Camp\u201d (Hauptstr. 51, 91054 Erlangen), the Young Forum will also have a dedicated space for encounters and experimentation.<\/p>\n\n\n\n<h2 class=\"wp-block-heading\">Events<\/h2>\n\n\n\n<p>(in chronological order)<\/p>\n\n\n\n<p><strong><strong><a href=\"https:\/\/www.figurentheaterfestival.de\/en\/programme\/veranstaltung-detail\/?vid=345071_2025-05-26_12:00_13:00\">3 Strategien f\u00fcr den Weltuntergang [3 Strategies for the End of the World]<\/a><\/strong><\/strong><\/p>\n\n\n\n<p>Hochschule f\u00fcr Schauspielkunst \u201eErnst Busch\u201c Berlin<br>Mon, 26 May, 12 pm &#8211; 1 pm and 2 pm &#8211; 3 pm \u2013 Rathausplatz \u2013 Free Admission!<br>Tue, 27 May, 12 pm &#8211; 1 pm and 2 pm &#8211; 3 pm \u2013 Schlossplatz \u2013 Free Admission!<\/p>\n\n\n\n<p><a href=\"https:\/\/www.figurentheaterfestival.de\/en\/programme\/veranstaltung-detail\/?vid=332026_2025-05-28_12:00_13:30\"><strong>Tiefenbohrungen \u2013 Figurentheater analysieren [Deep Dives \u2013 Analysing Puppetry]<\/strong><\/a><\/p>\n\n\n\n<p>Staatliche Hochschule f\u00fcr Musik und Darstellende Kunst Stuttgart + Institut f\u00fcr Theater- und Medienwissenschaft der FAU Erlangen-N\u00fcrnberg<br>Wed, 28 May, 12 pm &#8211; 1:30 pm \u2013 Base Camp \u2013 Free Admission!<br>Sat, 31 May, 12 pm &#8211; 1:30 pm \u2013 Base Camp \u2013 Free Admission!<\/p>\n\n\n\n<p><a href=\"https:\/\/www.figurentheaterfestival.de\/en\/programme\/veranstaltung-detail\/?vid=331501_2025-05-28_17:00_18:00\"><strong>Szenenstudien I [Scene Studies I]<\/strong><\/a><\/p>\n\n\n\n<p>Hochschule f\u00fcr Schauspielkunst \u201eErnst Busch\u201c Berlin<br>Wed, 28 May, 5 pm &#8211; 6 pm \u2013 Markgrafentheater, Rangfoyer<\/p>\n\n\n\n<p><a href=\"https:\/\/www.figurentheaterfestival.de\/en\/programme\/veranstaltung-detail\/?vid=331616_2025-05-28_21:30_23:00\"><strong>Puppen&amp;Stifte [Puppets&amp;Pens]<\/strong><\/a><\/p>\n\n\n\n<p>Universit\u00e4t der K\u00fcnste Berlin + Hochschule f\u00fcr Schauspielkunst \u201eErnst Busch\u201c Berlin<br>Wed, 28&nbsp; May, 9:30 pm &#8211; 11 pm \u2013 Markgrafentheater, Rangfoyer<\/p>\n\n\n\n<p><strong><strong><a href=\"https:\/\/www.figurentheaterfestival.de\/en\/programme\/veranstaltung-detail\/?vid=346991_2025-05-29_23:00_00:00\">Mondlichtexperimente [Moonlight Experiments]<\/a><\/strong><\/strong><\/p>\n\n\n\n<p>Staatliche Hochschule f\u00fcr Musik und Darstellende Kunst Stuttgart + Hochschule f\u00fcr Schauspielkunst \u201eErnst Busch\u201c Berlin<br>Thu, 29 May, 11 pm &#8211; 12 am \u2013 Base Camp \u2013 Free Admission!<\/p>\n\n\n\n<p><a href=\"https:\/\/www.figurentheaterfestival.de\/en\/programme\/veranstaltung-detail\/?vid=331596_2025-05-30_16:00_17:00\"><strong>Szenenstudien II [Scene Studies II]<\/strong><\/a><\/p>\n\n\n\n<p>Staatliche Hochschule f\u00fcr Musik und Darstellende Kunst Stuttgart<br>Fri, 30 May, 4 pm &#8211; 5 pm \u2013 Markgrafentheater, Rangfoyer<\/p>\n\n\n\n<p><a href=\"https:\/\/www.figurentheaterfestival.de\/en\/programme\/veranstaltung-detail\/?vid=331611_2025-05-31_18:45_19:15\"><strong>Manifeste [Manifestos]<\/strong><\/a><\/p>\n\n\n\n<p>Staatliche Hochschule f\u00fcr Musik und Darstellende Kunst Stuttgart<br>Sat, 31 May, 6:45 pm &#8211; 7:15 pm \u2013 Markgrafentheater, Unteres Foyer \u2013 Free Admission!<\/p>\n\n\n\n<pre class=\"wp-block-code\"><code> <\/code><\/pre>\n\n\n\n<pre class=\"wp-block-code\"><code> <\/code><\/pre>\n\n\n\n<pre class=\"wp-block-code\"><code> <\/code><\/pre>\n","protected":false},"excerpt":{"rendered":"<p>Young Forum The Young Forum is a platform that fosters exchange between students and graduates of theatre academies and the public. Its goal is to create spaces for dialogue and to bring student work to a broader audience. It functions as a creative workshop where artistic approaches are explored and the development process takes centre [&hellip;]<\/p>\n","protected":false},"author":1,"featured_media":0,"parent":2042,"menu_order":3,"comment_status":"closed","ping_status":"closed","template":"standardseite","meta":{"_editorskit_title_hidden":false,"_editorskit_reading_time":0,"_editorskit_is_block_options_detached":false,"_editorskit_block_options_position":"{}","footnotes":""},"class_list":["post-2031","page","type-page","status-publish","hentry"],"_links":{"self":[{"href":"https:\/\/www.figurentheaterfestival.de\/en\/wp-json\/wp\/v2\/pages\/2031","targetHints":{"allow":["GET"]}}],"collection":[{"href":"https:\/\/www.figurentheaterfestival.de\/en\/wp-json\/wp\/v2\/pages"}],"about":[{"href":"https:\/\/www.figurentheaterfestival.de\/en\/wp-json\/wp\/v2\/types\/page"}],"author":[{"embeddable":true,"href":"https:\/\/www.figurentheaterfestival.de\/en\/wp-json\/wp\/v2\/users\/1"}],"replies":[{"embeddable":true,"href":"https:\/\/www.figurentheaterfestival.de\/en\/wp-json\/wp\/v2\/comments?post=2031"}],"version-history":[{"count":17,"href":"https:\/\/www.figurentheaterfestival.de\/en\/wp-json\/wp\/v2\/pages\/2031\/revisions"}],"predecessor-version":[{"id":3140,"href":"https:\/\/www.figurentheaterfestival.de\/en\/wp-json\/wp\/v2\/pages\/2031\/revisions\/3140"}],"up":[{"embeddable":true,"href":"https:\/\/www.figurentheaterfestival.de\/en\/wp-json\/wp\/v2\/pages\/2042"}],"wp:attachment":[{"href":"https:\/\/www.figurentheaterfestival.de\/en\/wp-json\/wp\/v2\/media?parent=2031"}],"curies":[{"name":"wp","href":"https:\/\/api.w.org\/{rel}","templated":true}]}}