{"id":8495,"date":"2019-10-01T12:29:43","date_gmt":"2019-10-01T10:29:43","guid":{"rendered":"https:\/\/www.figurentheaterfestival.de\/?page_id=8495"},"modified":"2021-05-07T11:49:57","modified_gmt":"2021-05-07T09:49:57","slug":"barrierefreiheitserklaerung","status":"publish","type":"page","link":"https:\/\/www.figurentheaterfestival.de\/barrierefreiheitserklaerung\/","title":{"rendered":"barrierefreiheit"},"content":{"rendered":"<p style=\"text-align: justify;\">Das Kulturamt der Stadt Erlangen bem\u00fcht sich intensiv auf seiner Webseite <a href=\"http:\/\/www.figurentheaterfestival.de\">www.figurentheaterfestival.de<\/a> die Anforderungen an die gesetzlichen Richtlinien (EU) 2016\/2102 zur barrierefreien Nutzung von Webinhalten zu erf\u00fcllen und die Inhalte barrierefrei nutzbar zu machen. Die folgende Erkl\u00e4rung zur Barrierefreiheit dokumentiert den aktuellen Stand zur Barrierefreiheit. Diese Erkl\u00e4rung wurde am 22.09.2020 unter Bewertung von Dritten nach BITV-Selbsttest erstellt.<\/p>\n<h3 style=\"text-align: justify;\"><strong>Konformit\u00e4tsstatus<\/strong><\/h3>\n<p style=\"text-align: justify;\">Diese Webseite ist zum Zeitpunkt der Erstellung nicht vollst\u00e4ndig barrierefrei und erf\u00fcllt die WCAG 2.1 Konformit\u00e4tsstufe AA nur teilweise.<\/p>\n<p style=\"text-align: justify;\">F\u00fcr 2021 plant das Kulturamt einen Webseite-Relaunch. Die neue Webseite wird barrierefrei sein. Der Kosten- und Ressourcenaufwand f\u00fcr die Beseitigung der alten Barrieren auf der aktuellen Webseite, die noch maximal ein Jahr online ist, ist deswegen unverh\u00e4ltnism\u00e4\u00dfig. F\u00fcr die neue Webseite werden alle Dokumente, Formulare, Videos, Links und Bilder neu und barrierefrei konzipiert.<\/p>\n<h3 style=\"text-align: justify;\"><strong>Hilfe und Kontaktaufnahme bei Problemen<\/strong><\/h3>\n<p style=\"text-align: justify;\">Sie k\u00f6nnen uns M\u00e4ngel bei der Einhaltung der Anforderungen an die Barrierefreiheit mitteilen oder Informationen, die nicht barrierefrei dargestellt sind, barrierefrei anfordern unter:<\/p>\n<p style=\"text-align: justify;\">Stadt Erlangen<br \/>\nKulturamt \/\/ Sekretariat<br \/>\nGebbertstra\u00dfe 1<br \/>\n91052 Erlangen<br \/>\nTelefon: 0 91 31 \/ 86 28 60<br \/>\nE-Mail: &#107;&#x75;&#108;&#x74;&#117;&#x72;a&#x6d;t&#64;&#x73;&#116;&#x61;&#100;&#x74;&#46;&#x65;r&#108;&#x61;&#110;&#x67;&#101;&#x6e;&#46;&#x64;e<\/p>\n<h3 style=\"text-align: justify;\"><strong>Kontakt Landesbeauftragter f\u00fcr digitale Barrierefreiheit<\/strong><\/h3>\n<p style=\"text-align: justify;\">Wenn Ihre Kontaktaufnahme mit der \u00f6ffentlichen Stelle nicht erfolgreich war, k\u00f6nnen Sie sich an <a href=\"https:\/\/www.ldbv.bayern.de\/\">die Landesbeauftragten f\u00fcr digitale Barrierefreiheit im Landesamt f\u00fcr Digitalisierung, Breitband und Vermessung <\/a>\u00a0wenden.<\/p>\n<p style=\"text-align: justify;\">Ver\u00f6ffentlichungsdatum der Webseite:\u00a0 April 2015<\/p>\n","protected":false},"excerpt":{"rendered":"<p>Das Kulturamt der Stadt Erlangen bem\u00fcht sich intensiv auf seiner Webseite www.figurentheaterfestival.de die Anforderungen an die gesetzlichen Richtlinien (EU) 2016\/2102 zur barrierefreien Nutzung von Webinhalten zu erf\u00fcllen und die Inhalte barrierefrei nutzbar zu machen. Die folgende Erkl\u00e4rung zur Barrierefreiheit dokumentiert den aktuellen Stand zur Barrierefreiheit. Diese Erkl\u00e4rung wurde am 22.09.2020 unter Bewertung von Dritten nach [&hellip;]<\/p>\n","protected":false},"author":3,"featured_media":0,"parent":0,"menu_order":0,"comment_status":"closed","ping_status":"closed","template":"","meta":[],"_links":{"self":[{"href":"https:\/\/www.figurentheaterfestival.de\/wp-json\/wp\/v2\/pages\/8495"}],"collection":[{"href":"https:\/\/www.figurentheaterfestival.de\/wp-json\/wp\/v2\/pages"}],"about":[{"href":"https:\/\/www.figurentheaterfestival.de\/wp-json\/wp\/v2\/types\/page"}],"author":[{"embeddable":true,"href":"https:\/\/www.figurentheaterfestival.de\/wp-json\/wp\/v2\/users\/3"}],"replies":[{"embeddable":true,"href":"https:\/\/www.figurentheaterfestival.de\/wp-json\/wp\/v2\/comments?post=8495"}],"version-history":[{"count":8,"href":"https:\/\/www.figurentheaterfestival.de\/wp-json\/wp\/v2\/pages\/8495\/revisions"}],"predecessor-version":[{"id":10403,"href":"https:\/\/www.figurentheaterfestival.de\/wp-json\/wp\/v2\/pages\/8495\/revisions\/10403"}],"wp:attachment":[{"href":"https:\/\/www.figurentheaterfestival.de\/wp-json\/wp\/v2\/media?parent=8495"}],"curies":[{"name":"wp","href":"https:\/\/api.w.org\/{rel}","templated":true}]}}