{"id":7414,"date":"2021-04-25T08:50:27","date_gmt":"2021-04-25T06:50:27","guid":{"rendered":"https:\/\/www.figurentheaterfestival.de\/?page_id=7414"},"modified":"2021-04-27T18:26:55","modified_gmt":"2021-04-27T16:26:55","slug":"team","status":"publish","type":"page","link":"https:\/\/www.figurentheaterfestival.de\/team\/?lang=en","title":{"rendered":"team"},"content":{"rendered":"<h3 style=\"text-align: left;\">Erlangen<\/h3>\n<p style=\"text-align: left;\"><strong>Organiser<\/strong> Kulturamt der Stadt Erlangen <strong>Head<\/strong> Anne Reimann, Abteilung Festivals und Programme <strong>Festival director <\/strong>Bodo Birk <strong>Programme and Organisation<\/strong> Christine Auernheimer, Bodo Birk, Jana Dupke, Annika Gloystein, Volker Holzmann, Eva-Maria Hugo, Katja Rausch, Sina Schroeder, Elisa Sichelstiel, Anna Zumbrunnen <strong>Administration<\/strong> Martina Lischke, Birgit M\u00f6nius\u00a0<strong>BFD Kultur und Bildung <\/strong>Melanie Vetter <strong>Team<\/strong>\u00a0Alexander Binner, Ursula Dusch, Ian Genocchi, Michael Jordan, Jonas Kleinschmidt, Daniel Simic, Simon Stabenau, Sarah Stumpe <strong>Theater Erlangen<\/strong> Director: Katja Ott; Operations: Susanne Ziegler (Head); Public relations: Valerie Seufert (Head); Box office: Claudia Br\u00fcderlein, Anja Herrmann, Silvia Kulla, Andrea Liebe; Technical Director: Kristjan Meyer; Stage manager: Gregor Schlobat, Andreas Storjohann; Technical staff: J\u00fcrgen Bohnet, Daniel Drechsler, Sebastian Ebert, Frank Holzh\u00e4user, Cedric Sauber, Daniela Schulze, Ernst Tordai; Light: Simon Bachtik (Head), Anuschka Freund, Jan H\u00e4ndel; Sound and Video: Christoph Panzer (Head), Hans-Christian Fuss, Frank Zeidler <strong>Festival Technical Team<\/strong> Gerd Budschigk (Head Experimentiertheater), Lukas Graap (Head E-Werk), Christian van Loock, Achim Niekel, Uwe Renken and others<\/p>\n<h3 style=\"text-align: left;\">Nuremberg<\/h3>\n<p style=\"text-align: left;\"><strong>Organiser<\/strong> Stadt N\u00fcrnberg, 2. BM \u2013 GeschB. Kultur, KunstKulturQuartier <strong>Head<\/strong> Michael Bader <strong>Programme and Organisation<\/strong> Michael Bader, Stephanie Braun, Friederike Engel, Anna Schwarm, Katrin Wagner <strong>Team<\/strong> Lasse Deiters, Stella Hornung <strong>kino3 <\/strong>Filmhaus N\u00fcrnberg <strong>Operations<\/strong> Viola Krimmling, Ina Patraschko <strong>PR &amp; Marketing<\/strong> Anja Common, Sabine Lockenvitz, Annemarie Schorcht <strong>Ticketing<\/strong>\u00a0Gianna Kamminski, Alice Viering <strong>Technical Team Tafelhalle<\/strong> Sa\u0161a Batno\u017ei\u0107, Bernd Distler, Neil Greig, Gunnar Tippmann, Johannes Voltz\u00a0<strong>Technical Team<br \/>\n<\/strong>Markus Adlhoch, Oleg Borissov, Klaus Lukas, Anja Maczek, Vasilis Makris, Sandy Malitzki, Stephan Munz, Stefan Wagner<\/p>\n<h3 style=\"text-align: left;\">F\u00fcrth<\/h3>\n<p style=\"text-align: left;\"><strong>Organiser<\/strong> Kulturamt der Stadt F\u00fcrth <strong>Head<\/strong> Gerti K\u00f6hn <strong>Programme<\/strong>\u00a0Gerti K\u00f6hn, Michael Loskill, Julia Carlotta Fritsche, Benjamin Herrmann, Daniela K\u00f6gel, Tilo Engelkamp <strong>Team<\/strong> <strong>Kulturforum<\/strong> Annette Wigger, Yvonne Swoboda-Brehm, Norbert Arndt, Elke Kraus, Regina M\u00fcller, Lothar Schrems <strong>Technical Team<\/strong> Alexander Mayer (Head), Julian Bayer, Sebastian Lechner, Martin Ritzmann, Lucas Rohleder<\/p>\n<p style=\"text-align: left;\"><strong>Graphics and festival design + website by<\/strong>\u00a0grafikbuero x, A. Kuhn, N\u00fcrnberg<br \/>\n<strong>Website<\/strong> rb-media.com, Peiting<br \/>\n<strong>Trailer<\/strong> Imbissfilm<\/p>\n<p style=\"text-align: left;\"><strong>Supported with funds of the Arbeitsgemeinschaft Kultur im Gro\u00dfraum.<\/strong><\/p>\n","protected":false},"excerpt":{"rendered":"<p>Erlangen Organiser Kulturamt der Stadt Erlangen Head Anne Reimann, Abteilung Festivals und Programme Festival director Bodo Birk Programme and Organisation Christine Auernheimer, Bodo Birk, Jana Dupke, Annika Gloystein, Volker Holzmann, Eva-Maria Hugo, Katja Rausch, Sina Schroeder, Elisa Sichelstiel, Anna Zumbrunnen Administration Martina Lischke, Birgit M\u00f6nius\u00a0BFD Kultur und Bildung Melanie Vetter Team\u00a0Alexander Binner, Ursula Dusch, Ian [&hellip;]<\/p>\n","protected":false},"author":3,"featured_media":0,"parent":0,"menu_order":0,"comment_status":"closed","ping_status":"closed","template":"","meta":[],"_links":{"self":[{"href":"https:\/\/www.figurentheaterfestival.de\/wp-json\/wp\/v2\/pages\/7414"}],"collection":[{"href":"https:\/\/www.figurentheaterfestival.de\/wp-json\/wp\/v2\/pages"}],"about":[{"href":"https:\/\/www.figurentheaterfestival.de\/wp-json\/wp\/v2\/types\/page"}],"author":[{"embeddable":true,"href":"https:\/\/www.figurentheaterfestival.de\/wp-json\/wp\/v2\/users\/3"}],"replies":[{"embeddable":true,"href":"https:\/\/www.figurentheaterfestival.de\/wp-json\/wp\/v2\/comments?post=7414"}],"version-history":[{"count":8,"href":"https:\/\/www.figurentheaterfestival.de\/wp-json\/wp\/v2\/pages\/7414\/revisions"}],"predecessor-version":[{"id":10100,"href":"https:\/\/www.figurentheaterfestival.de\/wp-json\/wp\/v2\/pages\/7414\/revisions\/10100"}],"wp:attachment":[{"href":"https:\/\/www.figurentheaterfestival.de\/wp-json\/wp\/v2\/media?parent=7414"}],"curies":[{"name":"wp","href":"https:\/\/api.w.org\/{rel}","templated":true}]}}