{"id":2731,"date":"2015-03-16T10:49:10","date_gmt":"2015-03-16T09:49:10","guid":{"rendered":"https:\/\/www.figurentheaterfestival.de\/kontakt\/"},"modified":"2021-04-28T16:06:49","modified_gmt":"2021-04-28T14:06:49","slug":"kontakt","status":"publish","type":"page","link":"https:\/\/www.figurentheaterfestival.de\/kontakt\/?lang=en","title":{"rendered":"contact"},"content":{"rendered":"<h2>City of Erlangen \u2013 Cultural Office<\/h2>\n<p>Department Festivals and Programmes<br \/>\nGebbertstra\u00dfe 1, 91052 Erlangen<br \/>\nGERMANY<br \/>\nPhone: +49 (0)9131 86-1408<br \/>\nE-Mail: <a href=\"&#x6d;&#x61;&#105;&#108;to&#x3a;&#x69;&#x6e;&#102;o&#64;&#x66;&#x69;&#x67;&#117;&#114;e&#x6e;&#x74;&#x68;&#101;&#97;t&#x65;&#x72;&#x66;&#101;&#115;ti&#x76;&#x61;&#x6c;&#46;de\">info[at]figurentheaterfestival.de<\/a><br \/>\n<a title=\"www.figurentheaterfestival.de\" href=\"https:\/\/www.figurentheaterfestival.de\" target=\"_blank\" rel=\"noopener noreferrer\">www.figurentheaterfestival.de<\/a><\/p>\n<h2>City of Nuremberg \u2013 2. BM \/ GeschB. Kultur<\/h2>\n<p>KunstKulturQuartier<br \/>\nK\u00f6nigstra\u00dfe 93, 90402 N\u00fcrnberg<br \/>\nGERMANY<br \/>\nPhone: +49 (0)911 231-14005<br \/>\nE-Mail: <a href=\"&#109;a&#x69;l&#x74;o&#x3a;m&#x69;c&#x68;a&#x65;&#108;&#x2e;&#98;&#x61;&#100;&#x65;&#114;&#x40;&#115;&#x74;&#97;&#x64;&#116;&#46;&#x6e;u&#x65;r&#x6e;b&#x65;r&#x67;&#46;&#x64;&#101;\">michael.bader[at]stadt.nuernberg.de<\/a><br \/>\n<a href=\"http:\/\/www.KunstKulturQuartier.de\" target=\"_blank\" rel=\"noopener noreferrer\">www.KunstKulturQuartier.de<\/a><\/p>\n<h2>City of F\u00fcrth \u2013 Cultural Office<\/h2>\n<p>K\u00f6nigsplatz 2, 90762 F\u00fcrth<br \/>\nGERMANY<br \/>\nPhone: +49 (0)911 974-1688<br \/>\nE-Mail: <a href=\"m&#97;&#x69;&#x6c;t&#111;&#58;&#x6b;&#x75;l&#116;&#x75;&#x72;&#64;&#102;&#117;&#x65;&#x72;t&#104;&#x2e;&#x64;e\">kultur[at]fuerth.de<\/a><br \/>\n<a href=\"http:\/\/www.fuerth.de\" target=\"_blank\" rel=\"noopener noreferrer\">www.fuerth.de<\/a><\/p>\n<p style=\"text-align: justify;\">\n","protected":false},"excerpt":{"rendered":"<p>City of Erlangen \u2013 Cultural Office Department Festivals and Programmes Gebbertstra\u00dfe 1, 91052 Erlangen GERMANY Phone: +49 (0)9131 86-1408 E-Mail: info[at]figurentheaterfestival.de www.figurentheaterfestival.de City of Nuremberg \u2013 2. BM \/ GeschB. Kultur KunstKulturQuartier K\u00f6nigstra\u00dfe 93, 90402 N\u00fcrnberg GERMANY Phone: +49 (0)911 231-14005 E-Mail: michael.bader[at]stadt.nuernberg.de www.KunstKulturQuartier.de City of F\u00fcrth \u2013 Cultural Office K\u00f6nigsplatz 2, 90762 F\u00fcrth GERMANY [&hellip;]<\/p>\n","protected":false},"author":1,"featured_media":0,"parent":0,"menu_order":0,"comment_status":"closed","ping_status":"open","template":"","meta":[],"_links":{"self":[{"href":"https:\/\/www.figurentheaterfestival.de\/wp-json\/wp\/v2\/pages\/2731"}],"collection":[{"href":"https:\/\/www.figurentheaterfestival.de\/wp-json\/wp\/v2\/pages"}],"about":[{"href":"https:\/\/www.figurentheaterfestival.de\/wp-json\/wp\/v2\/types\/page"}],"author":[{"embeddable":true,"href":"https:\/\/www.figurentheaterfestival.de\/wp-json\/wp\/v2\/users\/1"}],"replies":[{"embeddable":true,"href":"https:\/\/www.figurentheaterfestival.de\/wp-json\/wp\/v2\/comments?post=2731"}],"version-history":[{"count":8,"href":"https:\/\/www.figurentheaterfestival.de\/wp-json\/wp\/v2\/pages\/2731\/revisions"}],"predecessor-version":[{"id":10200,"href":"https:\/\/www.figurentheaterfestival.de\/wp-json\/wp\/v2\/pages\/2731\/revisions\/10200"}],"wp:attachment":[{"href":"https:\/\/www.figurentheaterfestival.de\/wp-json\/wp\/v2\/media?parent=2731"}],"curies":[{"name":"wp","href":"https:\/\/api.w.org\/{rel}","templated":true}]}}