{"id":165,"date":"2015-03-17T21:21:55","date_gmt":"2015-03-17T20:21:55","guid":{"rendered":"https:\/\/www.figurentheaterfestival.de\/?page_id=165"},"modified":"2021-04-21T15:54:05","modified_gmt":"2021-04-21T13:54:05","slug":"unterkunft","status":"publish","type":"page","link":"https:\/\/www.figurentheaterfestival.de\/unterkunft\/","title":{"rendered":"unterkunft"},"content":{"rendered":"<p style=\"text-align: left;\">Haben Sie Fragen zu \u00dcbernachtungsm\u00f6glichkeiten w\u00e4hrend des internationalen figuren.theater.festivals oder ben\u00f6tigen Sie Hilfe bei der Buchung Ihrer Unterkunft? Die Touristen-Informationszentren der Festival-St\u00e4dte sind Ihnen gerne bei Ihren Anliegen behilflich. Bitte beachten Sie, dass \u00d6ffnungs- und Servicezeiten der Informationszentren pandemiebedingt kurzfristig von unten angegebenen Zeiten abweichen k\u00f6nnen und informieren Sie sich im Zweifelsfall \u00fcber die jeweiligen Webangebote.<\/p>\n<h2>Erlangen<\/h2>\n<p>Touristen-Information des Erlanger Tourismus und Marketing Verein e. V.<br \/>\nGoethestra\u00dfe 21 a<br \/>\n91054 Erlangen<br \/>\nTel. +49(0)9131\/8951-0, Fax: +49(0)9131\/8951-51<br \/>\nE-Mail: tourist[at]etm-er.de<br \/>\n<a href=\"https:\/\/www.erlangen.info\" target=\"_blank\" rel=\"noopener noreferrer\">Tourist-Information Erlangen<\/a><br \/>\n\u00d6ffnungszeiten: Mo\u2013Fr 9:00\u201315:00 | +++ Ausschlie\u00dflich nach Terminvereinbarung +++<\/p>\n<h2>N\u00fcrnberg<\/h2>\n<p>Congress- und Tourismus-Zentrale N\u00fcrnberg<br \/>\nVerkehrsverein N\u00fcrnberg e.V.<br \/>\nFrauentorgraben 3\/IV<br \/>\n90443 N\u00fcrnberg<br \/>\nTel. +49(0)911\/2336-0, Fax: +49(0)911\/2336-166<br \/>\nE-Mail: tourismus[at]nuernberg.de<br \/>\n<a href=\"http:\/\/tourismus.nuernberg.de\/\" target=\"_blank\" rel=\"noopener noreferrer\">Congress- und Tourismus-Zentrale N\u00fcrnberg<br \/>\n<\/a>Info- und Servicezentrale: Mo\u2013Fr 10:00\u201314:00<\/p>\n<h2>F\u00fcrth<\/h2>\n<p>Tourist-Information F\u00fcrth<br \/>\nBahnhofplatz 2<br \/>\n90762 F\u00fcrth<br \/>\nTel. +49(0)911\/239587-0, Fax: +49(0)911\/239587-10<br \/>\nE-Mail: tourist-info[at]fuerth.de<br \/>\n<a href=\"http:\/\/www.fuerth.de\/desktopdefault.aspx\/tabid-39\/287_read-1525\/\" target=\"_blank\" rel=\"noopener noreferrer\">Tourist-Information F\u00fcrth<\/a><br \/>\n\u00d6ffnungszeiten: Mo\u2013Fr 10:00\u201318:00, Sa 10:00\u201313:00<\/p>\n","protected":false},"excerpt":{"rendered":"<p>Haben Sie Fragen zu \u00dcbernachtungsm\u00f6glichkeiten w\u00e4hrend des internationalen figuren.theater.festivals oder ben\u00f6tigen Sie Hilfe bei der Buchung Ihrer Unterkunft? Die Touristen-Informationszentren der Festival-St\u00e4dte sind Ihnen gerne bei Ihren Anliegen behilflich. Bitte beachten Sie, dass \u00d6ffnungs- und Servicezeiten der Informationszentren pandemiebedingt kurzfristig von unten angegebenen Zeiten abweichen k\u00f6nnen und informieren Sie sich im Zweifelsfall \u00fcber die jeweiligen [&hellip;]<\/p>\n","protected":false},"author":1,"featured_media":0,"parent":0,"menu_order":0,"comment_status":"closed","ping_status":"closed","template":"","meta":[],"_links":{"self":[{"href":"https:\/\/www.figurentheaterfestival.de\/wp-json\/wp\/v2\/pages\/165"}],"collection":[{"href":"https:\/\/www.figurentheaterfestival.de\/wp-json\/wp\/v2\/pages"}],"about":[{"href":"https:\/\/www.figurentheaterfestival.de\/wp-json\/wp\/v2\/types\/page"}],"author":[{"embeddable":true,"href":"https:\/\/www.figurentheaterfestival.de\/wp-json\/wp\/v2\/users\/1"}],"replies":[{"embeddable":true,"href":"https:\/\/www.figurentheaterfestival.de\/wp-json\/wp\/v2\/comments?post=165"}],"version-history":[{"count":15,"href":"https:\/\/www.figurentheaterfestival.de\/wp-json\/wp\/v2\/pages\/165\/revisions"}],"predecessor-version":[{"id":8914,"href":"https:\/\/www.figurentheaterfestival.de\/wp-json\/wp\/v2\/pages\/165\/revisions\/8914"}],"wp:attachment":[{"href":"https:\/\/www.figurentheaterfestival.de\/wp-json\/wp\/v2\/media?parent=165"}],"curies":[{"name":"wp","href":"https:\/\/api.w.org\/{rel}","templated":true}]}}