{"id":163,"date":"2015-03-17T21:20:32","date_gmt":"2015-03-17T20:20:32","guid":{"rendered":"https:\/\/www.figurentheaterfestival.de\/?page_id=163"},"modified":"2021-05-05T13:36:22","modified_gmt":"2021-05-05T11:36:22","slug":"anreise","status":"publish","type":"page","link":"https:\/\/www.figurentheaterfestival.de\/anreise\/","title":{"rendered":"anreise"},"content":{"rendered":"<h2 style=\"text-align: left;\">Anreise Erlangen<\/h2>\n<h3 style=\"text-align: left;\">mit der Bahn<\/h3>\n<p style=\"text-align: left;\">Erlangen ist sehr gut mit der Deutschen Bahn zu erreichen. Der Bahnhof Erlangen liegt an der ICE-Strecke N\u00fcrnberg-Berlin und ist mehrmals pro Stunde von N\u00fcrnberg aus erreichbar.<br \/>\nBitte beachten Sie auch den Hinweis zur VGN-Nutzung am Ende der Seite.<br \/>\n<a title=\"Reiseauskunft Deutsche Bahn\" href=\"http:\/\/reiseauskunft.bahn.de\/bin\/query.exe\/dn?dbkanal_007=L01_S01_D001_KIN0001_top-navi-flyout_buchung-direkteinstieg-buchung_LZ01\" target=\"_blank\" rel=\"noopener noreferrer\">Reiseauskunft Deutsche Bahn<\/a><br \/>\n<a href=\"http:\/\/www.vgn.de\/\" target=\"_blank\" rel=\"noopener noreferrer\">Fahrplanauskunft Verkehrsverbund Gro\u00dfraum N\u00fcrnberg<\/a><\/p>\n<h3 style=\"text-align: left;\">mit dem Auto<\/h3>\n<p style=\"text-align: left;\">Autobahn A 73 N\u00fcrnberg-Bamberg. Ausfahrt Erlangen Zentrum.<br \/>\nHinweis: Wir empfehlen dringend den Gro\u00dfparkplatz zwischen Frankenschnellweg A 73 und Parkplatzstra\u00dfe zu nutzen. Von dort sind es nur ca. 10 Minuten Fu\u00dfweg zum Theaterplatz (sehr eingeschr\u00e4nkte Parkm\u00f6glichkeiten!).<br \/>\n<a href=\"https:\/\/www.erlangen.de\/desktopdefault.aspx\/tabid-1275\/\" target=\"_blank\" rel=\"noopener noreferrer\">Parken in Erlangen<\/a><\/p>\n<h3 style=\"text-align: left;\">mit dem Flugzeug<\/h3>\n<p style=\"text-align: left;\">Die n\u00e4chsten internationalen Flugh\u00e4fen:<br \/>\n<a href=\"http:\/\/www.airport-nuernberg.de\/?fCMS=517c56f8c01332146ed0f9f78a4762c2\" target=\"_blank\" rel=\"noopener noreferrer\">N\u00fcrnberg (20 km)<\/a>, <a href=\"http:\/\/www.munich-airport.de\/\" target=\"_blank\" rel=\"noopener noreferrer\">M\u00fcnchen (150 km)<\/a> und <a href=\"http:\/\/www.frankfurt-airport.de\/content\/frankfurt_airport\/de.html\" target=\"_blank\" rel=\"noopener noreferrer\">Frankfurt a. M. (200 km)<\/a><br \/>\nDen Flughafen N\u00fcrnberg verbindet die U-Bahn-Linie 2 direkt mit dem Hauptbahnhof N\u00fcrnberg. Von dort regelm\u00e4\u00dfige Zugverbindungen nach Erlangen. Alternativ k\u00f6nnen Sie auch den Stadtbus 30 nehmen, der Sie direkt vom Flughafen zu den Erlanger Arcaden bringt. Von hier ist das Festivalzentrum nur noch einen kurzen Fu\u00dfweg entfernt.<\/p>\n<h2 style=\"text-align: left;\">Anreise N\u00fcrnberg<\/h2>\n<h3 style=\"text-align: left;\">mit der Bahn \/ mit dem Auto \/ mit dem Flugzeug<\/h3>\n<p style=\"text-align: left;\">Informationen unter <a href=\"http:\/\/www.nuernbergmobil.de\" target=\"_blank\" rel=\"noopener noreferrer\">www.nuernbergmobil.de<\/a><br \/>\nBitte beachten Sie auch den Hinweis zur VGN-Nutzung am Ende der Seite.<\/p>\n<h2 style=\"text-align: left;\">Anreise F\u00fcrth<\/h2>\n<h3 style=\"text-align: left;\">mit der Bahn<\/h3>\n<p style=\"text-align: left;\">F\u00fcrth ist sehr gut mit der Deutschen Bahn zu erreichen. Der Bahnhof F\u00fcrth liegt an der Strecke W\u00fcrzburg-N\u00fcrnberg \/ Berlin-N\u00fcrnberg und ist mehrmals pro Stunde von N\u00fcrnberg oder W\u00fcrzburg aus erreichbar. Dar\u00fcber hinaus gibt es die M\u00f6glichkeit, von N\u00fcrnberg mit der U-Bahn (U1) nach F\u00fcrth zu fahren. Das Kulturforum F\u00fcrth ist direkt an der U-Bahn-Haltestelle F\u00fcrth \/ Stadthalle gelegen. Das Stadttheater F\u00fcrth erreichen Sie \u00fcber die U-Bahn-Haltestelle F\u00fcrth \/ Rathaus.<br \/>\nBitte beachten Sie auch den Hinweis zur VGN-Nutzung am Ende der Seite.<br \/>\n<a href=\"http:\/\/reiseauskunft.bahn.de\/bin\/query.exe\/dn\" target=\"_blank\" rel=\"noopener noreferrer\">Reiseauskunft Deutsche Bahn<\/a><br \/>\n<a href=\"http:\/\/www.vgn.de\/\" target=\"_blank\" rel=\"noopener noreferrer\">Fahrplanauskunft Verkehrsverbund Gro\u00dfraum N\u00fcrnberg<\/a><\/p>\n<h3 style=\"text-align: left;\">mit dem Auto<\/h3>\n<p style=\"text-align: left;\">Autobahn A 73 N\u00fcrnberg-Bamberg. Ausfahrt F\u00fcrth-Poppenreuth. Folgen Sie hier den Wegweisern Richtung Stadthalle.<\/p>\n<p style=\"text-align: left;\"><strong>Parken in F\u00fcrth<\/strong><br \/>\nKulturforum\/Tiefgarage Saturn: 19:00 Uhr bis 8:30 Uhr des folgenden Tages \u2013 Kulturtarif: 2,00 Euro<br \/>\nStadttheater\/Tiefgarage City-Center: Kulturtarif: 2,80 Euro<\/p>\n<h3 style=\"text-align: left;\">mit dem Flugzeug<\/h3>\n<p style=\"text-align: left;\">Die n\u00e4chsten internationalen Flugh\u00e4fen:<br \/>\n<a href=\"http:\/\/www.airport-nuernberg.de\/?fCMS=517c56f8c01332146ed0f9f78a4762c2\" target=\"_blank\" rel=\"noopener noreferrer\">N\u00fcrnberg (20 km)<\/a>, <a href=\"http:\/\/www.munich-airport.de\/\" target=\"_blank\" rel=\"noopener noreferrer\">M\u00fcnchen (150 km)<\/a> und <a href=\"http:\/\/www.frankfurt-airport.de\/content\/frankfurt_airport\/de.html\" target=\"_blank\" rel=\"noopener noreferrer\">Frankfurt a. M. (200 km)<\/a><br \/>\nDen Flughafen N\u00fcrnberg verbindet die U-Bahn-Linie 2 direkt mit dem Hauptbahnhof N\u00fcrnberg. Dort Umsteigem\u00f6glichkeit in die Linie U1 Richtung F\u00fcrth oder regelm\u00e4\u00dfige Zugverbindung.<\/p>\n","protected":false},"excerpt":{"rendered":"<p>Anreise Erlangen mit der Bahn Erlangen ist sehr gut mit der Deutschen Bahn zu erreichen. Der Bahnhof Erlangen liegt an der ICE-Strecke N\u00fcrnberg-Berlin und ist mehrmals pro Stunde von N\u00fcrnberg aus erreichbar. Bitte beachten Sie auch den Hinweis zur VGN-Nutzung am Ende der Seite. Reiseauskunft Deutsche Bahn Fahrplanauskunft Verkehrsverbund Gro\u00dfraum N\u00fcrnberg mit dem Auto Autobahn [&hellip;]<\/p>\n","protected":false},"author":1,"featured_media":0,"parent":0,"menu_order":0,"comment_status":"closed","ping_status":"closed","template":"","meta":[],"_links":{"self":[{"href":"https:\/\/www.figurentheaterfestival.de\/wp-json\/wp\/v2\/pages\/163"}],"collection":[{"href":"https:\/\/www.figurentheaterfestival.de\/wp-json\/wp\/v2\/pages"}],"about":[{"href":"https:\/\/www.figurentheaterfestival.de\/wp-json\/wp\/v2\/types\/page"}],"author":[{"embeddable":true,"href":"https:\/\/www.figurentheaterfestival.de\/wp-json\/wp\/v2\/users\/1"}],"replies":[{"embeddable":true,"href":"https:\/\/www.figurentheaterfestival.de\/wp-json\/wp\/v2\/comments?post=163"}],"version-history":[{"count":18,"href":"https:\/\/www.figurentheaterfestival.de\/wp-json\/wp\/v2\/pages\/163\/revisions"}],"predecessor-version":[{"id":10333,"href":"https:\/\/www.figurentheaterfestival.de\/wp-json\/wp\/v2\/pages\/163\/revisions\/10333"}],"wp:attachment":[{"href":"https:\/\/www.figurentheaterfestival.de\/wp-json\/wp\/v2\/media?parent=163"}],"curies":[{"name":"wp","href":"https:\/\/api.w.org\/{rel}","templated":true}]}}