{"id":149,"date":"2015-03-17T21:11:25","date_gmt":"2015-03-17T20:11:25","guid":{"rendered":"https:\/\/www.figurentheaterfestival.de\/?page_id=149"},"modified":"2021-05-05T15:04:05","modified_gmt":"2021-05-05T13:04:05","slug":"online-kartenverkauf","status":"publish","type":"page","link":"https:\/\/www.figurentheaterfestival.de\/online-kartenverkauf\/","title":{"rendered":"online-kartenverkauf"},"content":{"rendered":"\r\n<h3><strong>Preise<\/strong><\/h3>\r\n<p>Eintrittspreise f\u00fcr alle kostenpflichtigen Veranstaltungen sind auf den jeweiligen Gruppenseiten vermerkt. <strong>Karten im Vorverkauf (VVK) zzgl. Vorverkaufsgeb\u00fchr<\/strong><\/p>\r\n\r\n\r\n\r\n<h3><strong>Erm\u00e4\u00dfigung <\/strong><\/h3>\r\n<p>Erm\u00e4\u00dfigung f\u00fcr Sch\u00fcler:innen, Studierende, Auszubildende, Bundesfreiwilligendienstleistende, Personen im Freiwilligen Soz.\/\u00d6kol.\/Kult. Jahr, Empf\u00e4nger:innen von Grundsicherung und ALG II sowie Asylbewerber:innen, Behinderte ab 50 % GdB und Inhaber:innen des Erlangen-, F\u00fcrth- bzw. N\u00fcrnberg-Passes.<\/p>\r\n\r\n\r\n\r\n<h3><strong>Online-Kartenverkauf<\/strong><\/h3>\r\n<p>F\u00fcr alle kontaktlosen Veranstaltungen des 22. internationalen figuren.theater.festivals, die von 7. bis 16. Mai stattfinden, k\u00f6nnen Sie auf dieser Webseite ab <strong>Samstag, 24. April, 8:00 Uhr<\/strong> Eintrittskarten kaufen. Bitte beachten Sie, dass der Vorverkauf in diesem Jahr <strong>ausschlie\u00dflich online<\/strong> stattfindet. Bitte w\u00e4hlen Sie unter dem Men\u00fcpunkt Programm den <a href=\"https:\/\/www.figurentheaterfestival.de\/?page_id=43\"><strong>Zeitplan<\/strong><\/a> oder navigieren Sie \u00fcber <a href=\"https:\/\/www.figurentheaterfestival.de\/?veranstaltungart=gruppen-und-stuecke\"><strong>Gruppen und St\u00fccke<\/strong><\/a> zur jeweiligen Detailansicht und klicken Sie dort bei der gew\u00fcnschten Veranstaltung auf den Link <strong>Karten<\/strong>. Sie werden automatisch zum Verkaufsformular der jeweiligen Veranstaltung weitergeleitet.<\/p>\r\n\r\n<p>Wenn Sie f\u00fcr mehrere Veranstaltungen des Festivals (Ausnahmen siehe Absatz am Ende der Seite) gleichzeitig online Karten kaufen m\u00f6chten, k\u00f6nnen Sie die <strong>Warenkorb-Funktion<\/strong> von ReserviX nutzen, die \u00fcber den unten stehenden <strong>ReserviX-Button <\/strong>aufrufbar ist.<\/p>\r\n<p style=\"text-align: justify;\"><a href=\"https:\/\/theater-erlangen.reservix.de\/p\/reservix\/group\/358679\"><img loading=\"lazy\" class=\"alignnone wp-image-944\" src=\"https:\/\/www.figurentheaterfestival.de\/wp-content\/uploads\/2015\/03\/Reservix_Logo_dtp_web_rgb_500x240_jpg_bg_orange_font_white-140526-300x144.jpg\" alt=\"Reservix_Logo\" width=\"104\" height=\"50\" srcset=\"https:\/\/www.figurentheaterfestival.de\/wp-content\/uploads\/2015\/03\/Reservix_Logo_dtp_web_rgb_500x240_jpg_bg_orange_font_white-140526-300x144.jpg 300w, https:\/\/www.figurentheaterfestival.de\/wp-content\/uploads\/2015\/03\/Reservix_Logo_dtp_web_rgb_500x240_jpg_bg_orange_font_white-140526.jpg 500w\" sizes=\"(max-width: 104px) 100vw, 104px\" \/><\/a><\/p>\r\n<p>Bitte beachten Sie, dass beim Kartenkauf im Internet Vorverkaufs- und Bearbeitungsgeb\u00fchren anfallen. Diese Geb\u00fchren werden von den Firmen erhoben, die mit der Abwicklung des Online-Kartenkaufs beauftragt sind und kommen nicht dem Veranstalter zugute. Zahlungsarten: Kreditkarte (Visa, MasterCard, American Express), Sofort\u00fcberweisung, Lastschrift, PayPal. Die Kartenbestellung erfolgt \u00fcber ein verschl\u00fcsseltes Formular, Ihre Daten werden vertraulich behandelt.<\/p>\r\n<p>W\u00e4hlen Sie die Funktion <strong>Print@Home<\/strong>, auch wenn Sie die Karten f\u00fcr Online-Veranstaltungen nat\u00fcrlich nicht ausdrucken m\u00fcssen. F\u00fcr viele Produktionen sind oftmals wichtige Informationen und ggf. die Zugangsdaten zur Veranstaltung auf den Tickets vermerkt. Bei Print@Home-Buchungen fallen pauschal Kosten in H\u00f6he von 2,00 Euro pro Buchung (nicht pro Ticket) an. Bitte beachten Sie zudem, dass im Internet gekaufte Karten nicht zur\u00fcckgegeben werden k\u00f6nnen.<\/p>\r\n<h3><strong>Specials<\/strong><\/h3>\r\n<p>F\u00fcr die Zoom-Performance <a href=\"https:\/\/www.figurentheaterfestival.de\/veranstaltung\/weil-heute-mein-geburtstag-ist\/\">\u201eWeil heute mein Geburtstag ist &#8230;\u201c<\/a> von United Puppets findet der Vorverkauf \u00fcber das Buchungssystem <strong><em>Ticketino<\/em><\/strong> statt.<\/p>\r\n<p>F\u00fcr die Kinderproduktion <a href=\"https:\/\/www.figurentheaterfestival.de\/veranstaltung\/homewalk-reise-nach-wohnanien\/\">\u201eHomewalk\u201c<\/a> k\u00f6nnen Tickets <strong>nicht online im Vorverkauf<\/strong> erworben werden. Bitte wenden Sie sich f\u00fcr Kartenw\u00fcnsche und Anmeldung an: <a href=\"&#x6d;&#97;&#x69;&#108;t&#x6f;&#58;h&#x6f;&#109;&#x65;&#x77;a&#x6c;&#107;&#64;&#x66;&#105;&#x67;&#x75;r&#x65;&#110;t&#x68;&#101;a&#x74;&#101;&#x72;&#102;e&#x73;&#116;i&#x76;&#97;&#x6c;&#x2e;d&#x65;\"><strong>&#104;&#x6f;&#109;&#x65;w&#97;&#x6c;&#107;&#x40;f&#x69;g&#117;&#x72;&#101;&#x6e;t&#x68;&#x65;&#97;&#x74;e&#x72;f&#101;&#x73;&#116;&#x69;v&#x61;l&#46;&#x64;&#101;<\/strong><\/a><\/p>\r\n<p>Die Produktion <a href=\"https:\/\/www.figurentheaterfestival.de\/veranstaltung\/a-thousand-ways\/\">A THOUSAND WAYS (Part One): A Phone Call<\/a> von 600 HIGHWAYMEN wird auf Anfrage auch auf Englisch angeboten. Bei Interesse senden Sie uns bitte eine E-Mail mit Ihrem vollen Namen, Telefonnummer, E-Mailadresse und der gew\u00fcnschten Vorstellungszeit an <a href=\"&#x6d;&#97;i&#x6c;&#116;o&#x3a;&#65;T&#x57;&#x40;&#102;&#x69;&#x67;&#117;r&#x65;&#110;t&#x68;&#101;a&#x74;&#x65;&#114;&#x66;&#x65;&#115;t&#x69;&#118;a&#x6c;&#46;d&#x65;\"><strong>ATW&#64;&#102;&#105;&#103;&#x75;&#x72;&#x65;&#x6e;&#x74;&#x68;&#x65;ate&#114;&#102;&#101;&#115;&#116;&#x69;&#x76;&#x61;&#x6c;&#x2e;&#x64;e<\/strong><\/a>.<\/p>\r\n<p>Alle Filme im <a href=\"https:\/\/www.figurentheaterfestival.de\/veranstaltung\/9201\/\"><strong>kino3<\/strong><\/a> k\u00f6nnen Sie f\u00fcr einmalig 18,00 Euro als Figurentheater-Abonnement ansehen. <br \/><a href=\"https:\/\/filmhaus.nuernberg.cinemalovers.de\/de\/navigation\/22-internationales-figurentheaterfestival\" target=\"_blank\" rel=\"noopener\">Buchbar \u00fcber das Filmhaus N\u00fcrnberg<\/a>.<\/p>\r\n<p><em>\u00a0<\/em><em>\u00c4nderungen vorbehalten!<\/em><\/p>","protected":false},"excerpt":{"rendered":"<p>Preise Eintrittspreise f\u00fcr alle kostenpflichtigen Veranstaltungen sind auf den jeweiligen Gruppenseiten vermerkt. Karten im Vorverkauf (VVK) zzgl. Vorverkaufsgeb\u00fchr Erm\u00e4\u00dfigung Erm\u00e4\u00dfigung f\u00fcr Sch\u00fcler:innen, Studierende, Auszubildende, Bundesfreiwilligendienstleistende, Personen im Freiwilligen Soz.\/\u00d6kol.\/Kult. Jahr, Empf\u00e4nger:innen von Grundsicherung und ALG II sowie Asylbewerber:innen, Behinderte ab 50 % GdB und Inhaber:innen des Erlangen-, F\u00fcrth- bzw. N\u00fcrnberg-Passes. Online-Kartenverkauf F\u00fcr alle kontaktlosen Veranstaltungen [&hellip;]<\/p>\n","protected":false},"author":1,"featured_media":0,"parent":0,"menu_order":0,"comment_status":"closed","ping_status":"closed","template":"","meta":[],"_links":{"self":[{"href":"https:\/\/www.figurentheaterfestival.de\/wp-json\/wp\/v2\/pages\/149"}],"collection":[{"href":"https:\/\/www.figurentheaterfestival.de\/wp-json\/wp\/v2\/pages"}],"about":[{"href":"https:\/\/www.figurentheaterfestival.de\/wp-json\/wp\/v2\/types\/page"}],"author":[{"embeddable":true,"href":"https:\/\/www.figurentheaterfestival.de\/wp-json\/wp\/v2\/users\/1"}],"replies":[{"embeddable":true,"href":"https:\/\/www.figurentheaterfestival.de\/wp-json\/wp\/v2\/comments?post=149"}],"version-history":[{"count":62,"href":"https:\/\/www.figurentheaterfestival.de\/wp-json\/wp\/v2\/pages\/149\/revisions"}],"predecessor-version":[{"id":10341,"href":"https:\/\/www.figurentheaterfestival.de\/wp-json\/wp\/v2\/pages\/149\/revisions\/10341"}],"wp:attachment":[{"href":"https:\/\/www.figurentheaterfestival.de\/wp-json\/wp\/v2\/media?parent=149"}],"curies":[{"name":"wp","href":"https:\/\/api.w.org\/{rel}","templated":true}]}}