{"id":145,"date":"2015-03-17T21:08:35","date_gmt":"2015-03-17T20:08:35","guid":{"rendered":"https:\/\/www.figurentheaterfestival.de\/?page_id=145"},"modified":"2021-05-05T15:08:49","modified_gmt":"2021-05-05T13:08:49","slug":"partner","status":"publish","type":"page","link":"https:\/\/www.figurentheaterfestival.de\/partner\/","title":{"rendered":"partner"},"content":{"rendered":"<p style=\"text-align: justify;\"><img loading=\"lazy\" class=\"alignnone wp-image-8857\" src=\"https:\/\/www.figurentheaterfestival.de\/wp-content\/uploads\/2021\/04\/Partner_Web_2021-285x400.jpg\" alt=\"\" width=\"719\" height=\"1009\" srcset=\"https:\/\/www.figurentheaterfestival.de\/wp-content\/uploads\/2021\/04\/Partner_Web_2021-285x400.jpg 285w, https:\/\/www.figurentheaterfestival.de\/wp-content\/uploads\/2021\/04\/Partner_Web_2021-213x300.jpg 213w, https:\/\/www.figurentheaterfestival.de\/wp-content\/uploads\/2021\/04\/Partner_Web_2021-624x877.jpg 624w, https:\/\/www.figurentheaterfestival.de\/wp-content\/uploads\/2021\/04\/Partner_Web_2021.jpg 666w\" sizes=\"(max-width: 719px) 100vw, 719px\" \/><\/p>\n<h3 style=\"text-align: justify;\"><strong>Die Veranstalter danken ihren Sponsoren, F\u00f6rderern und Partnern:<\/strong><\/h3>\n<p>Siemens AG, Hertz Autovermietung GmbH, iba AG, Bezirk Mittelfranken, Institut fran\u00e7ais und franz\u00f6sisches Ministerium f\u00fcr Kultur und Kommunikation\/DGCA, dFi deutsch-franz\u00f6sisches Institut Erlangen e. V., NPN \u2013 Nationales Performance Netz, Schaubude Berlin, Hauseigent\u00fcmer:innen im Stadtgebiet F\u00fcrth, Jugendmedienzentrum Connect, Theater Erlangen, Institut f\u00fcr Theater- und Medienwissenschaft der FAU Erlangen-N\u00fcrnberg, Botanischer Garten der FAU, Kulturzentrum E-Werk, Amt f\u00fcr Stadtteilarbeit Erlangen, Stadtmuseum Erlangen, Kunstverein Erlangen, Stadtbibliothek Erlangen, Lamm-Lichtspiele, Das Lamm muss laufen! e. V., Betreiberverein Makerspace+ f\u00fcr Erlangen e.V., Gummi W\u00f6rner, Comicmuseum Erlangen e. V. und weitere<\/p>\n<p>Die Veranstalter danken dar\u00fcber hinaus den Anzeigenkunden dieses Programmhefts und den Medienpartnern des Festivals: curt \u2013 Magazin print + web und double.<\/p>\n","protected":false},"excerpt":{"rendered":"<p>Die Veranstalter danken ihren Sponsoren, F\u00f6rderern und Partnern: Siemens AG, Hertz Autovermietung GmbH, iba AG, Bezirk Mittelfranken, Institut fran\u00e7ais und franz\u00f6sisches Ministerium f\u00fcr Kultur und Kommunikation\/DGCA, dFi deutsch-franz\u00f6sisches Institut Erlangen e. V., NPN \u2013 Nationales Performance Netz, Schaubude Berlin, Hauseigent\u00fcmer:innen im Stadtgebiet F\u00fcrth, Jugendmedienzentrum Connect, Theater Erlangen, Institut f\u00fcr Theater- und Medienwissenschaft der FAU Erlangen-N\u00fcrnberg, [&hellip;]<\/p>\n","protected":false},"author":1,"featured_media":0,"parent":0,"menu_order":0,"comment_status":"closed","ping_status":"closed","template":"","meta":[],"_links":{"self":[{"href":"https:\/\/www.figurentheaterfestival.de\/wp-json\/wp\/v2\/pages\/145"}],"collection":[{"href":"https:\/\/www.figurentheaterfestival.de\/wp-json\/wp\/v2\/pages"}],"about":[{"href":"https:\/\/www.figurentheaterfestival.de\/wp-json\/wp\/v2\/types\/page"}],"author":[{"embeddable":true,"href":"https:\/\/www.figurentheaterfestival.de\/wp-json\/wp\/v2\/users\/1"}],"replies":[{"embeddable":true,"href":"https:\/\/www.figurentheaterfestival.de\/wp-json\/wp\/v2\/comments?post=145"}],"version-history":[{"count":27,"href":"https:\/\/www.figurentheaterfestival.de\/wp-json\/wp\/v2\/pages\/145\/revisions"}],"predecessor-version":[{"id":10344,"href":"https:\/\/www.figurentheaterfestival.de\/wp-json\/wp\/v2\/pages\/145\/revisions\/10344"}],"wp:attachment":[{"href":"https:\/\/www.figurentheaterfestival.de\/wp-json\/wp\/v2\/media?parent=145"}],"curies":[{"name":"wp","href":"https:\/\/api.w.org\/{rel}","templated":true}]}}